{"id":10963,"date":"2025-03-09T23:33:18","date_gmt":"2025-03-09T23:33:18","guid":{"rendered":"https:\/\/liv-in.com\/blog\/"},"modified":"2026-04-30T20:30:32","modified_gmt":"2026-04-30T19:30:32","slug":"blogpt","status":"publish","type":"page","link":"https:\/\/liv-in.com\/pt-pt\/blogpt\/","title":{"rendered":"Blog PT"},"content":{"rendered":"\t\t<div data-elementor-type=\"wp-page\" data-elementor-id=\"10963\" class=\"elementor elementor-10963 elementor-10807\" data-elementor-post-type=\"page\">\n\t\t\t\t<div class=\"elementor-element elementor-element-8c22bfa e-con-full e-flex e-con e-parent\" data-id=\"8c22bfa\" data-element_type=\"container\" data-settings=\"{&quot;background_background&quot;:&quot;classic&quot;}\">\n\t\t<div class=\"elementor-element elementor-element-53203ab e-con-full e-flex e-con e-child\" data-id=\"53203ab\" data-element_type=\"container\">\n\t\t\t\t<div class=\"elementor-element elementor-element-9238d29 elementor-widget elementor-widget-heading\" data-id=\"9238d29\" data-element_type=\"widget\" data-widget_type=\"heading.default\">\n\t\t\t\t<div class=\"elementor-widget-container\">\n\t\t\t\t\t<h1 class=\"elementor-heading-title elementor-size-default\">BLOG<\/h1>\t\t\t\t<\/div>\n\t\t\t\t<\/div>\n\t\t\t\t<\/div>\n\t\t\t\t<\/div>\n\t\t<div class=\"elementor-element elementor-element-609bc5a e-flex e-con-boxed e-con e-parent\" data-id=\"609bc5a\" data-element_type=\"container\">\n\t\t\t\t\t<div class=\"e-con-inner\">\n\t\t\t\t<div class=\"elementor-element elementor-element-a66ff96 elementor-widget elementor-widget-heading\" data-id=\"a66ff96\" data-element_type=\"widget\" data-widget_type=\"heading.default\">\n\t\t\t\t<div class=\"elementor-widget-container\">\n\t\t\t\t\t<h3 class=\"elementor-heading-title elementor-size-default\">Casos reais, decis\u00f5es honestas e o que aprendemos ao longo do caminho.<br><br>Porque design de interiores \u00e9 tanto sobre pessoas como sobre espa\u00e7os.<\/h3>\t\t\t\t<\/div>\n\t\t\t\t<\/div>\n\t\t\t\t\t<\/div>\n\t\t\t\t<\/div>\n\t\t<div class=\"elementor-element elementor-element-4ca6995 e-flex e-con-boxed e-con e-parent\" data-id=\"4ca6995\" data-element_type=\"container\">\n\t\t\t\t\t<div class=\"e-con-inner\">\n\t\t\t\t<div class=\"elementor-element elementor-element-06a1d3f elementor-widget elementor-widget-hiroshi_core_blog_list\" data-id=\"06a1d3f\" data-element_type=\"widget\" data-widget_type=\"hiroshi_core_blog_list.default\">\n\t\t\t\t<div class=\"elementor-widget-container\">\n\t\t\t\t\t<div class=\"qodef-shortcode qodef-m  qodef-blog qodef--list qodef-item-layout--standard qodef-grid qodef-layout--columns  qodef-gutter--normal qodef-col-num--2 qodef-item-layout--standard qodef--no-bottom-space qodef-pagination--off qodef-responsive--predefined qodef-swiper--show-pagination\" data-options=\"{&quot;plugin&quot;:&quot;hiroshi_core&quot;,&quot;module&quot;:&quot;blog\\\/shortcodes&quot;,&quot;shortcode&quot;:&quot;blog-list&quot;,&quot;post_type&quot;:&quot;post&quot;,&quot;next_page&quot;:&quot;2&quot;,&quot;max_pages_num&quot;:1,&quot;behavior&quot;:&quot;columns&quot;,&quot;images_proportion&quot;:&quot;hiroshi_core_image_size_huge-square&quot;,&quot;columns&quot;:&quot;2&quot;,&quot;columns_responsive&quot;:&quot;predefined&quot;,&quot;columns_1440&quot;:&quot;3&quot;,&quot;columns_1366&quot;:&quot;3&quot;,&quot;columns_1024&quot;:&quot;3&quot;,&quot;columns_768&quot;:&quot;3&quot;,&quot;columns_680&quot;:&quot;3&quot;,&quot;columns_480&quot;:&quot;3&quot;,&quot;space&quot;:&quot;normal&quot;,&quot;slider_pagination_type&quot;:&quot;fraction&quot;,&quot;posts_per_page&quot;:&quot;2&quot;,&quot;orderby&quot;:&quot;date&quot;,&quot;order&quot;:&quot;DESC&quot;,&quot;layout&quot;:&quot;standard&quot;,&quot;title_tag&quot;:&quot;h4&quot;,&quot;toggle_read_more&quot;:&quot;yes&quot;,&quot;toggle_excerpt&quot;:&quot;yes&quot;,&quot;toggle_tags&quot;:&quot;no&quot;,&quot;toggle_date&quot;:&quot;no&quot;,&quot;toggle_border&quot;:&quot;no&quot;,&quot;enable_vertical_info&quot;:&quot;no&quot;,&quot;pagination_type&quot;:&quot;no-pagination&quot;,&quot;object_class_name&quot;:&quot;HiroshiCore_Blog_List_Shortcode&quot;,&quot;taxonomy_filter&quot;:&quot;category&quot;,&quot;additional_query_args&quot;:[],&quot;space_value&quot;:15}\">\n\t\t<div class=\"qodef-grid-inner clear\">\n\t\t<article class=\"qodef-e qodef-blog-item qodef-grid-item qodef-item--huge-square post-11635 post type-post status-publish format-standard hentry category-dicas\">\n\t<div class=\"qodef-e-inner\">\n\t\t<div class=\"qodef-e-media\">\n\t\t<div class=\"qodef-e-media-image\">\n\t\t<a itemprop=\"url\" href=\"https:\/\/liv-in.com\/pt-pt\/um-quarto-que-cresce-com-a-imaginacao-design-inspirado-na-floresta\/\">\n\t\t\t<img fetchpriority=\"high\" decoding=\"async\" width=\"1164\" height=\"1300\" src=\"https:\/\/liv-in.com\/wp-content\/uploads\/2026\/04\/kids-enjoying-new-room-1164x1300.jpeg\" class=\"attachment-hiroshi_core_image_size_huge-square size-hiroshi_core_image_size_huge-square\" alt=\"\" \/>\t\t<\/a>\n\t<\/div>\n<\/div>\n\t\t<div class=\"qodef-e-content\">\n\t\t\t<div class=\"qodef-e-text\">\n\t\t\t\t<h4 itemprop=\"name\" class=\"qodef-e-title entry-title\" >\n\t<a itemprop=\"url\" class=\"qodef-e-title-link\" href=\"https:\/\/liv-in.com\/pt-pt\/um-quarto-que-cresce-com-a-imaginacao-design-inspirado-na-floresta\/\">\n\t\tUm quarto que cresce com a imagina\u00e7\u00e3o: design inspirado na floresta\t<\/a>\n<\/h4>\n\t\t<p itemprop=\"description\" class=\"qodef-e-excerpt\">Quando a casa escuta as crian\u00e7asO ponto de partida n\u00e3o foi uma tend\u00eancia nem um cat\u00e1logo, mas uma ideia simples e poderosa trazida pela m\u00e3e: criar uma plataforma tipo \u00e1rvore,<\/p>\n\t\t\t\t\t<\/div>\n\t\t\t<div class=\"qodef-e-bottom-holder\">\n\t\t\t\t<div class=\"qodef-e-left qodef-e-info\">\n\t\t\t\t\t<a href=\"https:\/\/liv-in.com\/pt-pt\/category\/dicas\/\" rel=\"tag\">Dicas<\/a><div class=\"qodef-info-separator-end\"><\/div>\t\t\t\t<\/div>\n\t\t\t\t\t<div class=\"qodef-e-read-more\">\n\t\t<a class=\"qodef-shortcode qodef-m  qodef-button qodef-layout--textual  qodef-html--link\" href=\"https:\/\/liv-in.com\/pt-pt\/um-quarto-que-cresce-com-a-imaginacao-design-inspirado-na-floresta\/\" target=\"_self\"  >\t<span class=\"qodef-m-text\">Read More<\/span><\/a>\t<\/div>\n\t\t\t<\/div>\n\t\t<\/div>\n\t<\/div>\n<\/article>\n<article class=\"qodef-e qodef-blog-item qodef-grid-item qodef-item--huge-square post-11633 post type-post status-publish format-standard hentry category-dicas\">\n\t<div class=\"qodef-e-inner\">\n\t\t<div class=\"qodef-e-media\">\n\t\t<div class=\"qodef-e-media-image\">\n\t\t<a itemprop=\"url\" href=\"https:\/\/liv-in.com\/pt-pt\/lisboa-161-como-a-heranca-historica-pode-evoluir-sem-se-perder\/\">\n\t\t\t<img decoding=\"async\" width=\"843\" height=\"843\" src=\"https:\/\/liv-in.com\/wp-content\/uploads\/2026\/02\/06_1740681119241-copy.jpg\" class=\"attachment-hiroshi_core_image_size_huge-square size-hiroshi_core_image_size_huge-square\" alt=\"Living Room with boiserie and black sidetable\" srcset=\"https:\/\/liv-in.com\/wp-content\/uploads\/2026\/02\/06_1740681119241-copy.jpg 843w, https:\/\/liv-in.com\/wp-content\/uploads\/2026\/02\/06_1740681119241-copy-300x300.jpg 300w, https:\/\/liv-in.com\/wp-content\/uploads\/2026\/02\/06_1740681119241-copy-150x150.jpg 150w, https:\/\/liv-in.com\/wp-content\/uploads\/2026\/02\/06_1740681119241-copy-768x768.jpg 768w, https:\/\/liv-in.com\/wp-content\/uploads\/2026\/02\/06_1740681119241-copy-700x700.jpg 700w, https:\/\/liv-in.com\/wp-content\/uploads\/2026\/02\/06_1740681119241-copy-650x650.jpg 650w\" sizes=\"(max-width: 843px) 100vw, 843px\" \/>\t\t<\/a>\n\t<\/div>\n<\/div>\n\t\t<div class=\"qodef-e-content\">\n\t\t\t<div class=\"qodef-e-text\">\n\t\t\t\t<h4 itemprop=\"name\" class=\"qodef-e-title entry-title\" >\n\t<a itemprop=\"url\" class=\"qodef-e-title-link\" href=\"https:\/\/liv-in.com\/pt-pt\/lisboa-161-como-a-heranca-historica-pode-evoluir-sem-se-perder\/\">\n\t\tLisboa 161: como a heran\u00e7a hist\u00f3rica pode evoluir sem se perder\t<\/a>\n<\/h4>\n\t\t<p itemprop=\"description\" class=\"qodef-e-excerpt\">O peso da mem\u00f3riaNo cora\u00e7\u00e3o de Lisboa, alguns edif\u00edcios destacam-se pela sua presen\u00e7a marcante e beleza arquitet\u00f3nica. O antigo Cinema Odeon ocupa um lugar especial na Avenid<\/p>\n\t\t\t\t\t<\/div>\n\t\t\t<div class=\"qodef-e-bottom-holder\">\n\t\t\t\t<div class=\"qodef-e-left qodef-e-info\">\n\t\t\t\t\t<a href=\"https:\/\/liv-in.com\/pt-pt\/category\/dicas\/\" rel=\"tag\">Dicas<\/a><div class=\"qodef-info-separator-end\"><\/div>\t\t\t\t<\/div>\n\t\t\t\t\t<div class=\"qodef-e-read-more\">\n\t\t<a class=\"qodef-shortcode qodef-m  qodef-button qodef-layout--textual  qodef-html--link\" href=\"https:\/\/liv-in.com\/pt-pt\/lisboa-161-como-a-heranca-historica-pode-evoluir-sem-se-perder\/\" target=\"_self\"  >\t<span class=\"qodef-m-text\">Read More<\/span><\/a>\t<\/div>\n\t\t\t<\/div>\n\t\t<\/div>\n\t<\/div>\n<\/article>\n\t<\/div>\n\t<\/div>\n\t\t\t\t<\/div>\n\t\t\t\t<\/div>\n\t\t\t\t\t<\/div>\n\t\t\t\t<\/div>\n\t\t\t\t<\/div>\n\t\t","protected":false},"excerpt":{"rendered":"<p>Casos reais, decis\u00f5es honestas e o que aprendemos ao longo do caminho. Porque design de interiores \u00e9 tanto sobre pessoas como sobre espa\u00e7os. A room that grows with imagination: a children\u2019s bedroom inspired by the forest When a home listens to children The starting point was neither a trend nor a catalogue, but a simple [&hellip;]<\/p>\n","protected":false},"author":1,"featured_media":9994,"parent":0,"menu_order":0,"comment_status":"closed","ping_status":"closed","template":"page-full-width.php","meta":{"_acf_changed":false,"_seopress_robots_primary_cat":"","_seopress_titles_title":"","_seopress_titles_desc":"","_seopress_robots_index":"","inline_featured_image":false,"footnotes":""},"class_list":["post-10963","page","type-page","status-publish","has-post-thumbnail","hentry"],"acf":[],"_links":{"self":[{"href":"https:\/\/liv-in.com\/pt-pt\/wp-json\/wp\/v2\/pages\/10963","targetHints":{"allow":["GET"]}}],"collection":[{"href":"https:\/\/liv-in.com\/pt-pt\/wp-json\/wp\/v2\/pages"}],"about":[{"href":"https:\/\/liv-in.com\/pt-pt\/wp-json\/wp\/v2\/types\/page"}],"author":[{"embeddable":true,"href":"https:\/\/liv-in.com\/pt-pt\/wp-json\/wp\/v2\/users\/1"}],"replies":[{"embeddable":true,"href":"https:\/\/liv-in.com\/pt-pt\/wp-json\/wp\/v2\/comments?post=10963"}],"version-history":[{"count":7,"href":"https:\/\/liv-in.com\/pt-pt\/wp-json\/wp\/v2\/pages\/10963\/revisions"}],"predecessor-version":[{"id":11647,"href":"https:\/\/liv-in.com\/pt-pt\/wp-json\/wp\/v2\/pages\/10963\/revisions\/11647"}],"wp:featuredmedia":[{"embeddable":true,"href":"https:\/\/liv-in.com\/pt-pt\/wp-json\/wp\/v2\/media\/9994"}],"wp:attachment":[{"href":"https:\/\/liv-in.com\/pt-pt\/wp-json\/wp\/v2\/media?parent=10963"}],"curies":[{"name":"wp","href":"https:\/\/api.w.org\/{rel}","templated":true}]}}