{"id":10907,"date":"2025-03-03T18:07:24","date_gmt":"2025-03-03T18:07:24","guid":{"rendered":"https:\/\/liv-in.com\/interior-design\/"},"modified":"2025-03-20T00:19:47","modified_gmt":"2025-03-20T00:19:47","slug":"design-de-interiores","status":"publish","type":"page","link":"https:\/\/liv-in.com\/pt-pt\/design-de-interiores\/","title":{"rendered":"Servi\u00e7os: Design de Interiores"},"content":{"rendered":"\t\t<div data-elementor-type=\"wp-page\" data-elementor-id=\"10907\" class=\"elementor elementor-10907 elementor-10088\" data-elementor-post-type=\"page\">\n\t\t\t\t<div class=\"elementor-element elementor-element-1a7bd75 e-con-full e-flex e-con e-parent\" data-id=\"1a7bd75\" data-element_type=\"container\">\n\t\t\t\t<div class=\"elementor-element elementor-element-d33b4ed elementor-widget elementor-widget-template\" data-id=\"d33b4ed\" data-element_type=\"widget\" data-widget_type=\"template.default\">\n\t\t\t\t<div class=\"elementor-widget-container\">\n\t\t\t\t\t\t\t<div class=\"elementor-template\">\n\t\t\t\t\t<div data-elementor-type=\"container\" data-elementor-id=\"11354\" class=\"elementor elementor-11354 elementor-11318\" data-elementor-post-type=\"elementor_library\">\n\t\t\t\t<div class=\"elementor-element elementor-element-65737cbb e-con-full n_hero e-flex e-con e-parent\" data-id=\"65737cbb\" data-element_type=\"container\" data-settings=\"{&quot;background_background&quot;:&quot;classic&quot;}\">\n\t\t<div class=\"elementor-element elementor-element-4ac11cb9 e-con-full e-flex e-con e-child\" data-id=\"4ac11cb9\" data-element_type=\"container\">\n\t\t\t\t<div class=\"elementor-element elementor-element-61b993d elementor-widget elementor-widget-heading\" data-id=\"61b993d\" data-element_type=\"widget\" data-widget_type=\"heading.default\">\n\t\t\t\t<div class=\"elementor-widget-container\">\n\t\t\t\t\t<h1 class=\"elementor-heading-title elementor-size-default\">DESIGN DE INTERIORES<\/h1>\t\t\t\t<\/div>\n\t\t\t\t<\/div>\n\t\t\t\t<\/div>\n\t\t\t\t<\/div>\n\t\t\t\t<\/div>\n\t\t\t\t<\/div>\n\t\t\t\t\t\t<\/div>\n\t\t\t\t<\/div>\n\t\t\t\t<\/div>\n\t\t<div class=\"elementor-element elementor-element-c19aeb4 e-con-full e-flex e-con e-parent\" data-id=\"c19aeb4\" data-element_type=\"container\">\n\t\t<div class=\"elementor-element elementor-element-783dcb2 e-con-full e-flex e-con e-child\" data-id=\"783dcb2\" data-element_type=\"container\">\n\t\t\t\t<div class=\"elementor-element elementor-element-bd3898a elementor-icon-list--layout-traditional elementor-list-item-link-full_width elementor-widget elementor-widget-icon-list\" data-id=\"bd3898a\" data-element_type=\"widget\" data-widget_type=\"icon-list.default\">\n\t\t\t\t<div class=\"elementor-widget-container\">\n\t\t\t\t\t\t\t<ul class=\"elementor-icon-list-items\">\n\t\t\t\t\t\t\t<li class=\"elementor-icon-list-item\">\n\t\t\t\t\t\t\t\t\t\t\t<span class=\"elementor-icon-list-icon\">\n\t\t\t\t\t\t\t<svg aria-hidden=\"true\" class=\"e-font-icon-svg e-fas-circle\" viewBox=\"0 0 512 512\" xmlns=\"http:\/\/www.w3.org\/2000\/svg\"><path d=\"M256 8C119 8 8 119 8 256s111 248 248 248 248-111 248-248S393 8 256 8z\"><\/path><\/svg>\t\t\t\t\t\t<\/span>\n\t\t\t\t\t\t\t\t\t\t<span class=\"elementor-icon-list-text\">Design de Interiores<\/span>\n\t\t\t\t\t\t\t\t\t<\/li>\n\t\t\t\t\t\t<\/ul>\n\t\t\t\t\t\t<\/div>\n\t\t\t\t<\/div>\n\t\t<div class=\"elementor-element elementor-element-ed9c761 e-con-full e-flex e-con e-child\" data-id=\"ed9c761\" data-element_type=\"container\">\n\t\t\t\t<div class=\"elementor-element elementor-element-47a75d7 elementor-widget elementor-widget-heading\" data-id=\"47a75d7\" data-element_type=\"widget\" data-widget_type=\"heading.default\">\n\t\t\t\t<div class=\"elementor-widget-container\">\n\t\t\t\t\t<h5 class=\"elementor-heading-title elementor-size-default\">Com a nossa vasta experi\u00eancia em design, conjugamos conforto e est\u00e9tica para criar espa\u00e7os interiores \u00fanicos e personalizados. Cada detalhe \u00e9 cuidadosamente pensado para refletir o seu estilo de vida, proporcionando-lhe uma sensa\u00e7\u00e3o de alegria e realiza\u00e7\u00e3o no quotidiano.\n\n<\/h5>\t\t\t\t<\/div>\n\t\t\t\t<\/div>\n\t\t\t\t<\/div>\n\t\t\t\t<\/div>\n\t\t<div class=\"elementor-element elementor-element-02e5a92 e-con-full e-flex e-con e-child\" data-id=\"02e5a92\" data-element_type=\"container\">\n\t\t\t\t<div class=\"elementor-element elementor-element-4886475 elementor-widget elementor-widget-image\" data-id=\"4886475\" data-element_type=\"widget\" data-widget_type=\"image.default\">\n\t\t\t\t<div class=\"elementor-widget-container\">\n\t\t\t\t\t\t\t\t\t\t\t\t\t\t\t<img fetchpriority=\"high\" decoding=\"async\" width=\"1000\" height=\"665\" src=\"https:\/\/liv-in.com\/wp-content\/uploads\/2025\/03\/Interior-Design-Material-Selection-Livin.webp\" class=\"attachment-full size-full wp-image-10537\" alt=\"Interior designer selecting materials and textures for a project, showcasing fabric swatches, tiles, and architectural samples in a design planning session at Liv&#039;in.\" srcset=\"https:\/\/liv-in.com\/wp-content\/uploads\/2025\/03\/Interior-Design-Material-Selection-Livin.webp 1000w, https:\/\/liv-in.com\/wp-content\/uploads\/2025\/03\/Interior-Design-Material-Selection-Livin-300x200.webp 300w, https:\/\/liv-in.com\/wp-content\/uploads\/2025\/03\/Interior-Design-Material-Selection-Livin-768x511.webp 768w\" sizes=\"(max-width: 1000px) 100vw, 1000px\" \/>\t\t\t\t\t\t\t\t\t\t\t\t\t\t\t<\/div>\n\t\t\t\t<\/div>\n\t\t\t\t<\/div>\n\t\t\t\t<\/div>\n\t\t<div class=\"elementor-element elementor-element-5f88764 e-con-full e-flex e-con e-parent\" data-id=\"5f88764\" data-element_type=\"container\">\n\t\t<div class=\"elementor-element elementor-element-a504cb4 e-con-full e-flex e-con e-child\" data-id=\"a504cb4\" data-element_type=\"container\">\n\t\t\t\t<div class=\"elementor-element elementor-element-7726fbe elementor-widget elementor-widget-heading\" data-id=\"7726fbe\" data-element_type=\"widget\" data-widget_type=\"heading.default\">\n\t\t\t\t<div class=\"elementor-widget-container\">\n\t\t\t\t\t<h5 class=\"elementor-heading-title elementor-size-default\">Planeamos cada detalhe, dando vida \u00e0s suas ideias, inspiramo-nos com o resultado final.\n<\/h5>\t\t\t\t<\/div>\n\t\t\t\t<\/div>\n\t\t\t\t<\/div>\n\t\t<div class=\"elementor-element elementor-element-8e44478 e-con-full e-flex e-con e-child\" data-id=\"8e44478\" data-element_type=\"container\">\n\t\t<div class=\"elementor-element elementor-element-8b2081d e-con-full e-flex e-con e-child\" data-id=\"8b2081d\" data-element_type=\"container\">\n\t\t<div class=\"elementor-element elementor-element-73d3b8e e-con-full e-flex e-con e-child\" data-id=\"73d3b8e\" data-element_type=\"container\">\n\t\t\t\t<div class=\"elementor-element elementor-element-2dcc5da elementor-widget elementor-widget-heading\" data-id=\"2dcc5da\" data-element_type=\"widget\" data-widget_type=\"heading.default\">\n\t\t\t\t<div class=\"elementor-widget-container\">\n\t\t\t\t\t<h4 class=\"elementor-heading-title elementor-size-default\">A nossa Vis\u00e3o<\/h4>\t\t\t\t<\/div>\n\t\t\t\t<\/div>\n\t\t\t\t<div class=\"elementor-element elementor-element-173190b elementor-widget elementor-widget-text-editor\" data-id=\"173190b\" data-element_type=\"widget\" data-widget_type=\"text-editor.default\">\n\t\t\t\t<div class=\"elementor-widget-container\">\n\t\t\t\t\t\t\t\t\tO design de interiores concilia criatividade, funcionalidade, sustentabilidade e estilo, e transforma os espa\u00e7os em reflexos \u00fanicos de personalidade e bem-estar. \u00c9 mais do que decora\u00e7\u00e3o, \u00e9 a constru\u00e7\u00e3o de ambientes que despertam emo\u00e7\u00f5es, valorizam o quotidiano e melhoram significativamente a qualidade de vida.\t\t\t\t\t\t\t\t<\/div>\n\t\t\t\t<\/div>\n\t\t\t\t<\/div>\n\t\t<div class=\"elementor-element elementor-element-0cdd713 e-con-full e-flex e-con e-child\" data-id=\"0cdd713\" data-element_type=\"container\">\n\t\t\t\t<div class=\"elementor-element elementor-element-4b5b11f elementor-widget elementor-widget-heading\" data-id=\"4b5b11f\" data-element_type=\"widget\" data-widget_type=\"heading.default\">\n\t\t\t\t<div class=\"elementor-widget-container\">\n\t\t\t\t\t<h4 class=\"elementor-heading-title elementor-size-default\">Como trabalhamos<\/h4>\t\t\t\t<\/div>\n\t\t\t\t<\/div>\n\t\t\t\t<div class=\"elementor-element elementor-element-7e5e242 elementor-widget elementor-widget-text-editor\" data-id=\"7e5e242\" data-element_type=\"widget\" data-widget_type=\"text-editor.default\">\n\t\t\t\t<div class=\"elementor-widget-container\">\n\t\t\t\t\t\t\t\t\t<p>O design de interiores combina criatividade, funcionalidade, sustentabilidade e estilo, transformando espa\u00e7os em reflexos pessoais de identidade e bem-estar. Vai al\u00e9m da mera decora\u00e7\u00e3o, criando ambientes que despertam emo\u00e7\u00f5es e enriquecem a vida di\u00e1ria. O design de interiores transforma casas em lares onde florescem mem\u00f3rias.<\/p>\t\t\t\t\t\t\t\t<\/div>\n\t\t\t\t<\/div>\n\t\t\t\t<\/div>\n\t\t\t\t<\/div>\n\t\t\t\t<\/div>\n\t\t\t\t<\/div>\n\t\t<div class=\"elementor-element elementor-element-f185034 e-flex e-con-boxed e-con e-parent\" data-id=\"f185034\" data-element_type=\"container\">\n\t\t\t\t\t<div class=\"e-con-inner\">\n\t\t<div class=\"elementor-element elementor-element-dfe2bf8 e-flex e-con-boxed e-con e-child\" data-id=\"dfe2bf8\" data-element_type=\"container\">\n\t\t\t\t\t<div class=\"e-con-inner\">\n\t\t\t\t<div class=\"elementor-element elementor-element-f69eddb elementor-widget elementor-widget-hiroshi_core_image_gallery\" data-id=\"f69eddb\" data-element_type=\"widget\" data-widget_type=\"hiroshi_core_image_gallery.default\">\n\t\t\t\t<div class=\"elementor-widget-container\">\n\t\t\t\t\t<div class=\"qodef-shortcode qodef-m  qodef-image-gallery    qodef-grid qodef-swiper-container  qodef-gutter--tiny qodef-col-num--3  qodef-responsive--predefined qodef-swiper--show-pagination qodef-swiper--show-hidden-slides\" data-options=\"{&quot;slidesPerView&quot;:&quot;3&quot;,&quot;spaceBetween&quot;:8,&quot;loop&quot;:true,&quot;autoplay&quot;:true,&quot;speed&quot;:&quot;&quot;,&quot;speedAnimation&quot;:&quot;&quot;,&quot;slideAnimation&quot;:&quot;&quot;,&quot;direction&quot;:&quot;&quot;,&quot;centeredSlides&quot;:false,&quot;sliderScroll&quot;:false,&quot;loopAdditionalSlides&quot;:&quot;2&quot;,&quot;sliderPaginationType&quot;:&quot;bullets&quot;}\" dir=\"ltr\">\n<div class=\"swiper-wrapper\">\n\t\t<div class=\"qodef-e qodef-image-wrapper swiper-slide \">\n\t\t\t<img decoding=\"async\" width=\"1064\" height=\"1064\" src=\"https:\/\/liv-in.com\/wp-content\/uploads\/2025\/03\/designer-selecting-materials-1.webp\" class=\"attachment-full size-full\" alt=\"\" srcset=\"https:\/\/liv-in.com\/wp-content\/uploads\/2025\/03\/designer-selecting-materials-1.webp 1064w, https:\/\/liv-in.com\/wp-content\/uploads\/2025\/03\/designer-selecting-materials-1-300x300.webp 300w, https:\/\/liv-in.com\/wp-content\/uploads\/2025\/03\/designer-selecting-materials-1-1024x1024.webp 1024w, https:\/\/liv-in.com\/wp-content\/uploads\/2025\/03\/designer-selecting-materials-1-150x150.webp 150w, https:\/\/liv-in.com\/wp-content\/uploads\/2025\/03\/designer-selecting-materials-1-768x768.webp 768w, https:\/\/liv-in.com\/wp-content\/uploads\/2025\/03\/designer-selecting-materials-1-650x650.webp 650w\" sizes=\"(max-width: 1064px) 100vw, 1064px\" \/>\t<\/div>\n<div class=\"qodef-e qodef-image-wrapper swiper-slide \">\n\t\t\t<img decoding=\"async\" width=\"1064\" height=\"1064\" src=\"https:\/\/liv-in.com\/wp-content\/uploads\/2025\/03\/Interior-design-materials_.webp\" class=\"attachment-full size-full\" alt=\"\" srcset=\"https:\/\/liv-in.com\/wp-content\/uploads\/2025\/03\/Interior-design-materials_.webp 1064w, https:\/\/liv-in.com\/wp-content\/uploads\/2025\/03\/Interior-design-materials_-300x300.webp 300w, https:\/\/liv-in.com\/wp-content\/uploads\/2025\/03\/Interior-design-materials_-1024x1024.webp 1024w, https:\/\/liv-in.com\/wp-content\/uploads\/2025\/03\/Interior-design-materials_-150x150.webp 150w, https:\/\/liv-in.com\/wp-content\/uploads\/2025\/03\/Interior-design-materials_-768x768.webp 768w, https:\/\/liv-in.com\/wp-content\/uploads\/2025\/03\/Interior-design-materials_-650x650.webp 650w\" sizes=\"(max-width: 1064px) 100vw, 1064px\" \/>\t<\/div>\n<div class=\"qodef-e qodef-image-wrapper swiper-slide \">\n\t\t\t<img loading=\"lazy\" decoding=\"async\" width=\"1064\" height=\"1064\" src=\"https:\/\/liv-in.com\/wp-content\/uploads\/2025\/03\/Interior-design-palette_.webp\" class=\"attachment-full size-full\" alt=\"\" srcset=\"https:\/\/liv-in.com\/wp-content\/uploads\/2025\/03\/Interior-design-palette_.webp 1064w, https:\/\/liv-in.com\/wp-content\/uploads\/2025\/03\/Interior-design-palette_-300x300.webp 300w, https:\/\/liv-in.com\/wp-content\/uploads\/2025\/03\/Interior-design-palette_-1024x1024.webp 1024w, https:\/\/liv-in.com\/wp-content\/uploads\/2025\/03\/Interior-design-palette_-150x150.webp 150w, https:\/\/liv-in.com\/wp-content\/uploads\/2025\/03\/Interior-design-palette_-768x768.webp 768w, https:\/\/liv-in.com\/wp-content\/uploads\/2025\/03\/Interior-design-palette_-650x650.webp 650w\" sizes=\"(max-width: 1064px) 100vw, 1064px\" \/>\t<\/div>\n<div class=\"qodef-e qodef-image-wrapper swiper-slide \">\n\t\t\t<img loading=\"lazy\" decoding=\"async\" width=\"1064\" height=\"1064\" src=\"https:\/\/liv-in.com\/wp-content\/uploads\/2025\/03\/Interior-desinger-aesthetics-1.webp\" class=\"attachment-full size-full\" alt=\"\" srcset=\"https:\/\/liv-in.com\/wp-content\/uploads\/2025\/03\/Interior-desinger-aesthetics-1.webp 1064w, https:\/\/liv-in.com\/wp-content\/uploads\/2025\/03\/Interior-desinger-aesthetics-1-300x300.webp 300w, https:\/\/liv-in.com\/wp-content\/uploads\/2025\/03\/Interior-desinger-aesthetics-1-1024x1024.webp 1024w, https:\/\/liv-in.com\/wp-content\/uploads\/2025\/03\/Interior-desinger-aesthetics-1-150x150.webp 150w, https:\/\/liv-in.com\/wp-content\/uploads\/2025\/03\/Interior-desinger-aesthetics-1-768x768.webp 768w, https:\/\/liv-in.com\/wp-content\/uploads\/2025\/03\/Interior-desinger-aesthetics-1-650x650.webp 650w\" sizes=\"(max-width: 1064px) 100vw, 1064px\" \/>\t<\/div>\n<div class=\"qodef-e qodef-image-wrapper swiper-slide \">\n\t\t\t<img loading=\"lazy\" decoding=\"async\" width=\"1064\" height=\"1064\" src=\"https:\/\/liv-in.com\/wp-content\/uploads\/2025\/03\/Liv_in-material-selection-process.webp\" class=\"attachment-full size-full\" alt=\"\" srcset=\"https:\/\/liv-in.com\/wp-content\/uploads\/2025\/03\/Liv_in-material-selection-process.webp 1064w, https:\/\/liv-in.com\/wp-content\/uploads\/2025\/03\/Liv_in-material-selection-process-300x300.webp 300w, https:\/\/liv-in.com\/wp-content\/uploads\/2025\/03\/Liv_in-material-selection-process-1024x1024.webp 1024w, https:\/\/liv-in.com\/wp-content\/uploads\/2025\/03\/Liv_in-material-selection-process-150x150.webp 150w, https:\/\/liv-in.com\/wp-content\/uploads\/2025\/03\/Liv_in-material-selection-process-768x768.webp 768w, https:\/\/liv-in.com\/wp-content\/uploads\/2025\/03\/Liv_in-material-selection-process-650x650.webp 650w\" sizes=\"(max-width: 1064px) 100vw, 1064px\" \/>\t<\/div>\n<div class=\"qodef-e qodef-image-wrapper swiper-slide \">\n\t\t\t<img loading=\"lazy\" decoding=\"async\" width=\"1064\" height=\"1064\" src=\"https:\/\/liv-in.com\/wp-content\/uploads\/2025\/03\/Modern-beige-sofa-1.webp\" class=\"attachment-full size-full\" alt=\"\" srcset=\"https:\/\/liv-in.com\/wp-content\/uploads\/2025\/03\/Modern-beige-sofa-1.webp 1064w, https:\/\/liv-in.com\/wp-content\/uploads\/2025\/03\/Modern-beige-sofa-1-300x300.webp 300w, https:\/\/liv-in.com\/wp-content\/uploads\/2025\/03\/Modern-beige-sofa-1-1024x1024.webp 1024w, https:\/\/liv-in.com\/wp-content\/uploads\/2025\/03\/Modern-beige-sofa-1-150x150.webp 150w, https:\/\/liv-in.com\/wp-content\/uploads\/2025\/03\/Modern-beige-sofa-1-768x768.webp 768w, https:\/\/liv-in.com\/wp-content\/uploads\/2025\/03\/Modern-beige-sofa-1-650x650.webp 650w\" sizes=\"(max-width: 1064px) 100vw, 1064px\" \/>\t<\/div>\n\t<\/div>\n\t\t\t<div class=\"swiper-pagination\"><\/div>\n<\/div>\n\t\t\t\t<\/div>\n\t\t\t\t<\/div>\n\t\t\t\t\t<\/div>\n\t\t\t\t<\/div>\n\t\t\t\t\t<\/div>\n\t\t\t\t<\/div>\n\t\t<div class=\"elementor-element elementor-element-0391425 e-con-full e-flex e-con e-parent\" data-id=\"0391425\" data-element_type=\"container\">\n\t\t<div class=\"elementor-element elementor-element-62aae55 e-con-full e-flex e-con e-child\" data-id=\"62aae55\" data-element_type=\"container\">\n\t\t\t\t<div class=\"elementor-element elementor-element-4b1d9e5 elementor-widget elementor-widget-hiroshi_core_separator\" data-id=\"4b1d9e5\" data-element_type=\"widget\" data-widget_type=\"hiroshi_core_separator.default\">\n\t\t\t\t<div class=\"elementor-widget-container\">\n\t\t\t\t\t<div class=\"qodef-shortcode qodef-m  qodef-separator clear  \">\n\t<div class=\"qodef-m-line\" ><\/div>\n<\/div>\n\t\t\t\t<\/div>\n\t\t\t\t<\/div>\n\t\t\t\t<\/div>\n\t\t\t\t<\/div>\n\t\t<div class=\"elementor-element elementor-element-e448b09 e-con-full e-flex e-con e-parent\" data-id=\"e448b09\" data-element_type=\"container\">\n\t\t<div class=\"elementor-element elementor-element-a283ae0 e-con-full e-flex e-con e-child\" data-id=\"a283ae0\" data-element_type=\"container\">\n\t\t\t\t<div class=\"elementor-element elementor-element-cd19a11 elementor-icon-list--layout-traditional elementor-list-item-link-full_width elementor-widget elementor-widget-icon-list\" data-id=\"cd19a11\" data-element_type=\"widget\" data-widget_type=\"icon-list.default\">\n\t\t\t\t<div class=\"elementor-widget-container\">\n\t\t\t\t\t\t\t<ul class=\"elementor-icon-list-items\">\n\t\t\t\t\t\t\t<li class=\"elementor-icon-list-item\">\n\t\t\t\t\t\t\t\t\t\t\t<span class=\"elementor-icon-list-icon\">\n\t\t\t\t\t\t\t<svg aria-hidden=\"true\" class=\"e-font-icon-svg e-fas-circle\" viewBox=\"0 0 512 512\" xmlns=\"http:\/\/www.w3.org\/2000\/svg\"><path d=\"M256 8C119 8 8 119 8 256s111 248 248 248 248-111 248-248S393 8 256 8z\"><\/path><\/svg>\t\t\t\t\t\t<\/span>\n\t\t\t\t\t\t\t\t\t\t<span class=\"elementor-icon-list-text\">Mobili\u00e1rio por Medida<\/span>\n\t\t\t\t\t\t\t\t\t<\/li>\n\t\t\t\t\t\t<\/ul>\n\t\t\t\t\t\t<\/div>\n\t\t\t\t<\/div>\n\t\t<div class=\"elementor-element elementor-element-c151135 e-con-full e-flex e-con e-child\" data-id=\"c151135\" data-element_type=\"container\">\n\t\t\t\t<div class=\"elementor-element elementor-element-6bbb36c elementor-widget elementor-widget-heading\" data-id=\"6bbb36c\" data-element_type=\"widget\" data-widget_type=\"heading.default\">\n\t\t\t\t<div class=\"elementor-widget-container\">\n\t\t\t\t\t<h5 class=\"elementor-heading-title elementor-size-default\">As pe\u00e7as de mobili\u00e1rio de design personalizado da Liv'in s\u00e3o cuidadosamente criadas para incorporar o seu estilo individual, otimizar a utiliza\u00e7\u00e3o do espa\u00e7o e proporcionar um conforto inigual\u00e1vel, ao mesmo tempo que introduzem um toque distinto e personalizado aos seus espa\u00e7os.\n<\/h5>\t\t\t\t<\/div>\n\t\t\t\t<\/div>\n\t\t\t\t<\/div>\n\t\t\t\t<\/div>\n\t\t<div class=\"elementor-element elementor-element-9ca2006 e-con-full e-flex e-con e-child\" data-id=\"9ca2006\" data-element_type=\"container\">\n\t\t\t\t<div class=\"elementor-element elementor-element-dd2fd23 elementor-widget elementor-widget-image\" data-id=\"dd2fd23\" data-element_type=\"widget\" data-widget_type=\"image.default\">\n\t\t\t\t<div class=\"elementor-widget-container\">\n\t\t\t\t\t\t\t\t\t\t\t\t\t\t\t<img alt=\"\" loading=\"lazy\" decoding=\"async\" width=\"1600\" height=\"1052\" src=\"https:\/\/liv-in.com\/wp-content\/uploads\/2025\/03\/Bespoke-modern-chair_banner2.webp\" class=\"attachment-full size-full wp-image-11028\" alt=\"\" srcset=\"https:\/\/liv-in.com\/wp-content\/uploads\/2025\/03\/Bespoke-modern-chair_banner2.webp 1600w, https:\/\/liv-in.com\/wp-content\/uploads\/2025\/03\/Bespoke-modern-chair_banner2-300x197.webp 300w, https:\/\/liv-in.com\/wp-content\/uploads\/2025\/03\/Bespoke-modern-chair_banner2-1024x673.webp 1024w, https:\/\/liv-in.com\/wp-content\/uploads\/2025\/03\/Bespoke-modern-chair_banner2-768x505.webp 768w, https:\/\/liv-in.com\/wp-content\/uploads\/2025\/03\/Bespoke-modern-chair_banner2-1536x1010.webp 1536w\" sizes=\"(max-width: 1600px) 100vw, 1600px\" \/>\t\t\t\t\t\t\t\t\t\t\t\t\t\t\t<\/div>\n\t\t\t\t<\/div>\n\t\t\t\t<\/div>\n\t\t\t\t<\/div>\n\t\t<div class=\"elementor-element elementor-element-b9294ec e-con-full e-flex e-con e-parent\" data-id=\"b9294ec\" data-element_type=\"container\">\n\t\t<div class=\"elementor-element elementor-element-26addf4 e-con-full e-flex e-con e-child\" data-id=\"26addf4\" data-element_type=\"container\">\n\t\t\t\t<div class=\"elementor-element elementor-element-adc56d1 elementor-widget elementor-widget-heading\" data-id=\"adc56d1\" data-element_type=\"widget\" data-widget_type=\"heading.default\">\n\t\t\t\t<div class=\"elementor-widget-container\">\n\t\t\t\t\t<h5 class=\"elementor-heading-title elementor-size-default\">Pe\u00e7as exclusivas com qualidade excecional e design intemporal, uma combina\u00e7\u00e3o harmoniosa entre funcionalidade e est\u00e9tica.<\/h5>\t\t\t\t<\/div>\n\t\t\t\t<\/div>\n\t\t\t\t<\/div>\n\t\t<div class=\"elementor-element elementor-element-4d06f7c e-con-full e-flex e-con e-child\" data-id=\"4d06f7c\" data-element_type=\"container\">\n\t\t<div class=\"elementor-element elementor-element-bc00b6f e-con-full e-flex e-con e-child\" data-id=\"bc00b6f\" data-element_type=\"container\">\n\t\t<div class=\"elementor-element elementor-element-56fe554 e-con-full e-flex e-con e-child\" data-id=\"56fe554\" data-element_type=\"container\">\n\t\t\t\t<div class=\"elementor-element elementor-element-9afe98e elementor-widget elementor-widget-heading\" data-id=\"9afe98e\" data-element_type=\"widget\" data-widget_type=\"heading.default\">\n\t\t\t\t<div class=\"elementor-widget-container\">\n\t\t\t\t\t<h4 class=\"elementor-heading-title elementor-size-default\">A nossa Vis\u00e3o<\/h4>\t\t\t\t<\/div>\n\t\t\t\t<\/div>\n\t\t\t\t<div class=\"elementor-element elementor-element-c3d6f59 elementor-widget elementor-widget-text-editor\" data-id=\"c3d6f59\" data-element_type=\"widget\" data-widget_type=\"text-editor.default\">\n\t\t\t\t<div class=\"elementor-widget-container\">\n\t\t\t\t\t\t\t\t\tInovar, explorar novos materiais, t\u00e9cnicas e conceitos de design, enquanto incorporamos o estilo \u00fanico de cada cliente em cada pe\u00e7a que concebemos. Deste modo, criamos pe\u00e7as que n\u00e3o s\u00f3 impressionam visualmente, mas tamb\u00e9m elevam a experi\u00eancia da viv\u00eancia do espa\u00e7o que ocupam.\t\t\t\t\t\t\t\t<\/div>\n\t\t\t\t<\/div>\n\t\t\t\t<\/div>\n\t\t<div class=\"elementor-element elementor-element-919c77b e-con-full e-flex e-con e-child\" data-id=\"919c77b\" data-element_type=\"container\">\n\t\t\t\t<div class=\"elementor-element elementor-element-d84e853 elementor-widget elementor-widget-heading\" data-id=\"d84e853\" data-element_type=\"widget\" data-widget_type=\"heading.default\">\n\t\t\t\t<div class=\"elementor-widget-container\">\n\t\t\t\t\t<h4 class=\"elementor-heading-title elementor-size-default\">Como trabalhamos<\/h4>\t\t\t\t<\/div>\n\t\t\t\t<\/div>\n\t\t\t\t<div class=\"elementor-element elementor-element-f7d9b12 elementor-widget elementor-widget-text-editor\" data-id=\"f7d9b12\" data-element_type=\"widget\" data-widget_type=\"text-editor.default\">\n\t\t\t\t<div class=\"elementor-widget-container\">\n\t\t\t\t\t\t\t\t\tCriamos mobili\u00e1rio personalizado que transforma espa\u00e7os em ambientes marcantes. Ao estabelecer rela\u00e7\u00f5es s\u00f3lidas com os nossos clientes, compreendemos as suas necessidades e prefer\u00eancias \u00fanicas. Atrav\u00e9s de comunica\u00e7\u00e3o aberta e colabora\u00e7\u00e3o, garantimos que cada pe\u00e7a reflete a sua vis\u00e3o, superando todas as expectativas.\t\t\t\t\t\t\t\t<\/div>\n\t\t\t\t<\/div>\n\t\t\t\t<\/div>\n\t\t\t\t<\/div>\n\t\t\t\t<\/div>\n\t\t\t\t<\/div>\n\t\t\t\t<\/div>\n\t\t","protected":false},"excerpt":{"rendered":"<p>Design de Interiores Com a nossa vasta experi\u00eancia em design, conjugamos conforto e est\u00e9tica para criar espa\u00e7os interiores \u00fanicos e personalizados. Cada detalhe \u00e9 cuidadosamente pensado para refletir o seu estilo de vida, proporcionando-lhe uma sensa\u00e7\u00e3o de alegria e realiza\u00e7\u00e3o no quotidiano. Planeamos cada detalhe, dando vida \u00e0s suas ideias, inspiramo-nos com o resultado final. [&hellip;]<\/p>\n","protected":false},"author":1,"featured_media":0,"parent":0,"menu_order":0,"comment_status":"closed","ping_status":"closed","template":"","meta":{"_acf_changed":false,"_seopress_robots_primary_cat":"","_seopress_titles_title":"Design de Interiores %%sep%% %%sitetitle%%","_seopress_titles_desc":"","_seopress_robots_index":"","inline_featured_image":false,"footnotes":""},"class_list":["post-10907","page","type-page","status-publish","hentry"],"acf":[],"_links":{"self":[{"href":"https:\/\/liv-in.com\/pt-pt\/wp-json\/wp\/v2\/pages\/10907","targetHints":{"allow":["GET"]}}],"collection":[{"href":"https:\/\/liv-in.com\/pt-pt\/wp-json\/wp\/v2\/pages"}],"about":[{"href":"https:\/\/liv-in.com\/pt-pt\/wp-json\/wp\/v2\/types\/page"}],"author":[{"embeddable":true,"href":"https:\/\/liv-in.com\/pt-pt\/wp-json\/wp\/v2\/users\/1"}],"replies":[{"embeddable":true,"href":"https:\/\/liv-in.com\/pt-pt\/wp-json\/wp\/v2\/comments?post=10907"}],"version-history":[{"count":6,"href":"https:\/\/liv-in.com\/pt-pt\/wp-json\/wp\/v2\/pages\/10907\/revisions"}],"predecessor-version":[{"id":11401,"href":"https:\/\/liv-in.com\/pt-pt\/wp-json\/wp\/v2\/pages\/10907\/revisions\/11401"}],"wp:attachment":[{"href":"https:\/\/liv-in.com\/pt-pt\/wp-json\/wp\/v2\/media?parent=10907"}],"curies":[{"name":"wp","href":"https:\/\/api.w.org\/{rel}","templated":true}]}}