{"id":10898,"date":"2025-03-03T18:07:46","date_gmt":"2025-03-03T18:07:46","guid":{"rendered":"https:\/\/liv-in.com\/services-construction\/"},"modified":"2025-03-19T22:56:18","modified_gmt":"2025-03-19T22:56:18","slug":"construcao","status":"publish","type":"page","link":"https:\/\/liv-in.com\/pt-pt\/construcao\/","title":{"rendered":"Servi\u00e7os: Constru\u00e7\u00e3o"},"content":{"rendered":"\t\t<div data-elementor-type=\"wp-page\" data-elementor-id=\"10898\" class=\"elementor elementor-10898 elementor-10090\" data-elementor-post-type=\"page\">\n\t\t\t\t<div class=\"elementor-element elementor-element-c25d8fd e-con-full e-flex e-con e-parent\" data-id=\"c25d8fd\" data-element_type=\"container\">\n\t\t\t\t<div class=\"elementor-element elementor-element-d85a089 elementor-widget elementor-widget-template\" data-id=\"d85a089\" data-element_type=\"widget\" data-widget_type=\"template.default\">\n\t\t\t\t<div class=\"elementor-widget-container\">\n\t\t\t\t\t\t\t<div class=\"elementor-template\">\n\t\t\t\t\t<div data-elementor-type=\"container\" data-elementor-id=\"11354\" class=\"elementor elementor-11354 elementor-11318\" data-elementor-post-type=\"elementor_library\">\n\t\t\t\t<div class=\"elementor-element elementor-element-65737cbb e-con-full n_hero e-flex e-con e-parent\" data-id=\"65737cbb\" data-element_type=\"container\" data-settings=\"{&quot;background_background&quot;:&quot;classic&quot;}\">\n\t\t<div class=\"elementor-element elementor-element-4ac11cb9 e-con-full e-flex e-con e-child\" data-id=\"4ac11cb9\" data-element_type=\"container\">\n\t\t\t\t<div class=\"elementor-element elementor-element-61b993d elementor-widget elementor-widget-heading\" data-id=\"61b993d\" data-element_type=\"widget\" data-widget_type=\"heading.default\">\n\t\t\t\t<div class=\"elementor-widget-container\">\n\t\t\t\t\t<h1 class=\"elementor-heading-title elementor-size-default\">CONSTRU\u00c7\u00c3O<\/h1>\t\t\t\t<\/div>\n\t\t\t\t<\/div>\n\t\t\t\t<\/div>\n\t\t\t\t<\/div>\n\t\t\t\t<\/div>\n\t\t\t\t<\/div>\n\t\t\t\t\t\t<\/div>\n\t\t\t\t<\/div>\n\t\t\t\t<\/div>\n\t\t<div class=\"elementor-element elementor-element-c19aeb4 e-con-full e-flex e-con e-parent\" data-id=\"c19aeb4\" data-element_type=\"container\">\n\t\t<div class=\"elementor-element elementor-element-783dcb2 e-con-full e-flex e-con e-child\" data-id=\"783dcb2\" data-element_type=\"container\">\n\t\t\t\t<div class=\"elementor-element elementor-element-bd3898a elementor-icon-list--layout-traditional elementor-list-item-link-full_width elementor-widget elementor-widget-icon-list\" data-id=\"bd3898a\" data-element_type=\"widget\" data-widget_type=\"icon-list.default\">\n\t\t\t\t<div class=\"elementor-widget-container\">\n\t\t\t\t\t\t\t<ul class=\"elementor-icon-list-items\">\n\t\t\t\t\t\t\t<li class=\"elementor-icon-list-item\">\n\t\t\t\t\t\t\t\t\t\t\t<span class=\"elementor-icon-list-icon\">\n\t\t\t\t\t\t\t<svg aria-hidden=\"true\" class=\"e-font-icon-svg e-fas-circle\" viewBox=\"0 0 512 512\" xmlns=\"http:\/\/www.w3.org\/2000\/svg\"><path d=\"M256 8C119 8 8 119 8 256s111 248 248 248 248-111 248-248S393 8 256 8z\"><\/path><\/svg>\t\t\t\t\t\t<\/span>\n\t\t\t\t\t\t\t\t\t\t<span class=\"elementor-icon-list-text\">Constru\u00e7\u00e3o<\/span>\n\t\t\t\t\t\t\t\t\t<\/li>\n\t\t\t\t\t\t<\/ul>\n\t\t\t\t\t\t<\/div>\n\t\t\t\t<\/div>\n\t\t<div class=\"elementor-element elementor-element-ed9c761 e-con-full e-flex e-con e-child\" data-id=\"ed9c761\" data-element_type=\"container\">\n\t\t\t\t<div class=\"elementor-element elementor-element-47a75d7 elementor-widget elementor-widget-heading\" data-id=\"47a75d7\" data-element_type=\"widget\" data-widget_type=\"heading.default\">\n\t\t\t\t<div class=\"elementor-widget-container\">\n\t\t\t\t\t<h5 class=\"elementor-heading-title elementor-size-default\">Liv'in \u00e9 sin\u00f3nimo de qualidade excecional na constru\u00e7\u00e3o, ao transformar meticulosamente as suas vis\u00f5es arquitet\u00f3nicas em estruturas duradouras tang\u00edveis que combinam durabilidade com excel\u00eancia de design.<\/h5>\t\t\t\t<\/div>\n\t\t\t\t<\/div>\n\t\t\t\t<\/div>\n\t\t\t\t<\/div>\n\t\t<div class=\"elementor-element elementor-element-02e5a92 e-con-full e-flex e-con e-child\" data-id=\"02e5a92\" data-element_type=\"container\">\n\t\t\t\t<div class=\"elementor-element elementor-element-4886475 elementor-widget elementor-widget-image\" data-id=\"4886475\" data-element_type=\"widget\" data-widget_type=\"image.default\">\n\t\t\t\t<div class=\"elementor-widget-container\">\n\t\t\t\t\t\t\t\t\t\t\t\t\t\t\t<img alt=\"\" fetchpriority=\"high\" decoding=\"async\" width=\"975\" height=\"488\" src=\"https:\/\/liv-in.com\/wp-content\/uploads\/2025\/02\/Service-Construction.webp\" class=\"attachment-full size-full wp-image-9970\" alt=\"\" srcset=\"https:\/\/liv-in.com\/wp-content\/uploads\/2025\/02\/Service-Construction.webp 975w, https:\/\/liv-in.com\/wp-content\/uploads\/2025\/02\/Service-Construction-300x150.webp 300w, https:\/\/liv-in.com\/wp-content\/uploads\/2025\/02\/Service-Construction-768x384.webp 768w\" sizes=\"(max-width: 975px) 100vw, 975px\" \/>\t\t\t\t\t\t\t\t\t\t\t\t\t\t\t<\/div>\n\t\t\t\t<\/div>\n\t\t\t\t<\/div>\n\t\t\t\t<\/div>\n\t\t<div class=\"elementor-element elementor-element-82c50cf e-con-full e-flex e-con e-parent\" data-id=\"82c50cf\" data-element_type=\"container\">\n\t\t<div class=\"elementor-element elementor-element-318415a e-con-full e-flex e-con e-child\" data-id=\"318415a\" data-element_type=\"container\">\n\t\t\t\t<div class=\"elementor-element elementor-element-3257d30 elementor-widget elementor-widget-heading\" data-id=\"3257d30\" data-element_type=\"widget\" data-widget_type=\"heading.default\">\n\t\t\t\t<div class=\"elementor-widget-container\">\n\t\t\t\t\t<h5 class=\"elementor-heading-title elementor-size-default\">Planeamos cada detalhe para dar vida \u00e0s suas ideias e criar espa\u00e7os que reflitam verdadeiramente a sua vis\u00e3o. Garantimos uma qualidade excecional, um servi\u00e7o personalizado e solu\u00e7\u00f5es inovadoras, com aten\u00e7\u00e3o especial a cada projeto.<\/h5>\t\t\t\t<\/div>\n\t\t\t\t<\/div>\n\t\t\t\t<\/div>\n\t\t<div class=\"elementor-element elementor-element-6d0f10d e-con-full e-flex e-con e-child\" data-id=\"6d0f10d\" data-element_type=\"container\">\n\t\t<div class=\"elementor-element elementor-element-46d8d03 e-con-full e-flex e-con e-child\" data-id=\"46d8d03\" data-element_type=\"container\">\n\t\t<div class=\"elementor-element elementor-element-dc4561e e-con-full e-flex e-con e-child\" data-id=\"dc4561e\" data-element_type=\"container\">\n\t\t\t\t<div class=\"elementor-element elementor-element-3ff9714 elementor-widget elementor-widget-heading\" data-id=\"3ff9714\" data-element_type=\"widget\" data-widget_type=\"heading.default\">\n\t\t\t\t<div class=\"elementor-widget-container\">\n\t\t\t\t\t<h4 class=\"elementor-heading-title elementor-size-default\">A nossa Vis\u00e3o<\/h4>\t\t\t\t<\/div>\n\t\t\t\t<\/div>\n\t\t\t\t<div class=\"elementor-element elementor-element-4332ab4 elementor-widget elementor-widget-text-editor\" data-id=\"4332ab4\" data-element_type=\"widget\" data-widget_type=\"text-editor.default\">\n\t\t\t\t<div class=\"elementor-widget-container\">\n\t\t\t\t\t\t\t\t\t<p>Criamos espa\u00e7os excecionais que enriquecem vidas, unindo qualidade, inova\u00e7\u00e3o e sustentabilidade. O nosso objetivo \u00e9 transformar os seus sonhos arquitet\u00f3nicos em realidade atrav\u00e9s de solu\u00e7\u00f5es personalizadas e inovadoras.<\/p>\t\t\t\t\t\t\t\t<\/div>\n\t\t\t\t<\/div>\n\t\t\t\t<\/div>\n\t\t<div class=\"elementor-element elementor-element-c7f2697 e-con-full e-flex e-con e-child\" data-id=\"c7f2697\" data-element_type=\"container\">\n\t\t\t\t<div class=\"elementor-element elementor-element-645953c elementor-widget elementor-widget-heading\" data-id=\"645953c\" data-element_type=\"widget\" data-widget_type=\"heading.default\">\n\t\t\t\t<div class=\"elementor-widget-container\">\n\t\t\t\t\t<h4 class=\"elementor-heading-title elementor-size-default\">Como trabalhamos<\/h4>\t\t\t\t<\/div>\n\t\t\t\t<\/div>\n\t\t\t\t<div class=\"elementor-element elementor-element-099f015 elementor-widget elementor-widget-text-editor\" data-id=\"099f015\" data-element_type=\"widget\" data-widget_type=\"text-editor.default\">\n\t\t\t\t<div class=\"elementor-widget-container\">\n\t\t\t\t\t\t\t\t\t<p>Reunimos uma equipa diversificada de especialistas, promovemos a colabora\u00e7\u00e3o entre as v\u00e1rias partes envolvidas e procuramos tecnologias inovadoras para conceber espa\u00e7os inspiradores e duradouros. Aliamos, de forma harmoniosa, tecnologias sustent\u00e1veis e materiais ecol\u00f3gicos a uma est\u00e9tica de design sofisticada, de modo a criar ambientes que promovam o bem-estar, preservem recursos e contribuam para um futuro sustent\u00e1vel.<\/p>\t\t\t\t\t\t\t\t<\/div>\n\t\t\t\t<\/div>\n\t\t\t\t<\/div>\n\t\t\t\t<\/div>\n\t\t\t\t<\/div>\n\t\t\t\t<\/div>\n\t\t<div class=\"elementor-element elementor-element-c2b2484 e-flex e-con-boxed e-con e-parent\" data-id=\"c2b2484\" data-element_type=\"container\">\n\t\t\t\t\t<div class=\"e-con-inner\">\n\t\t<div class=\"elementor-element elementor-element-ce32822 e-flex e-con-boxed e-con e-child\" data-id=\"ce32822\" data-element_type=\"container\">\n\t\t\t\t\t<div class=\"e-con-inner\">\n\t\t\t\t<div class=\"elementor-element elementor-element-b10b437 elementor-widget elementor-widget-hiroshi_core_image_gallery\" data-id=\"b10b437\" data-element_type=\"widget\" data-widget_type=\"hiroshi_core_image_gallery.default\">\n\t\t\t\t<div class=\"elementor-widget-container\">\n\t\t\t\t\t<div class=\"qodef-shortcode qodef-m  qodef-image-gallery    qodef-grid qodef-swiper-container  qodef-gutter--tiny qodef-col-num--3  qodef-responsive--predefined qodef-swiper--show-pagination qodef-swiper--show-hidden-slides\" data-options=\"{&quot;slidesPerView&quot;:&quot;3&quot;,&quot;spaceBetween&quot;:8,&quot;loop&quot;:true,&quot;autoplay&quot;:true,&quot;speed&quot;:&quot;&quot;,&quot;speedAnimation&quot;:&quot;&quot;,&quot;slideAnimation&quot;:&quot;&quot;,&quot;direction&quot;:&quot;&quot;,&quot;centeredSlides&quot;:false,&quot;sliderScroll&quot;:false,&quot;loopAdditionalSlides&quot;:&quot;2&quot;,&quot;sliderPaginationType&quot;:&quot;bullets&quot;}\" dir=\"ltr\">\n<div class=\"swiper-wrapper\">\n\t\t<div class=\"qodef-e qodef-image-wrapper swiper-slide \">\n\t\t\t<img decoding=\"async\" src=\"https:\/\/liv-in.com\/wp-content\/uploads\/2025\/03\/Livin-Construction-site-scaled-900x900.webp\" alt=\"\" width=\"900\" height=\"900\" data-ratio=\"1\" \/>\t<\/div>\n<div class=\"qodef-e qodef-image-wrapper swiper-slide \">\n\t\t\t<img decoding=\"async\" src=\"https:\/\/liv-in.com\/wp-content\/uploads\/2025\/03\/Construction-details-900x900.webp\" alt=\"\" width=\"900\" height=\"900\" data-ratio=\"1\" \/>\t<\/div>\n<div class=\"qodef-e qodef-image-wrapper swiper-slide \">\n\t\t\t<img loading=\"lazy\" decoding=\"async\" src=\"https:\/\/liv-in.com\/wp-content\/uploads\/2025\/03\/Construction-in-progress-900x900.webp\" alt=\"\" width=\"900\" height=\"900\" data-ratio=\"1\" \/>\t<\/div>\n<div class=\"qodef-e qodef-image-wrapper swiper-slide \">\n\t\t\t<img loading=\"lazy\" decoding=\"async\" src=\"https:\/\/liv-in.com\/wp-content\/uploads\/2025\/03\/Construction-of-stairs-in-progress-scaled-900x900.webp\" alt=\"\" width=\"900\" height=\"900\" data-ratio=\"1\" \/>\t<\/div>\n<div class=\"qodef-e qodef-image-wrapper swiper-slide \">\n\t\t\t<img loading=\"lazy\" decoding=\"async\" src=\"https:\/\/liv-in.com\/wp-content\/uploads\/2025\/03\/Construction-of-stairs-900x900.webp\" alt=\"\" width=\"900\" height=\"900\" data-ratio=\"1\" \/>\t<\/div>\n<div class=\"qodef-e qodef-image-wrapper swiper-slide \">\n\t\t\t<img loading=\"lazy\" decoding=\"async\" src=\"https:\/\/liv-in.com\/wp-content\/uploads\/2025\/03\/Construction-Site-900x900.webp\" alt=\"\" width=\"900\" height=\"900\" data-ratio=\"1\" \/>\t<\/div>\n<div class=\"qodef-e qodef-image-wrapper swiper-slide \">\n\t\t\t<img loading=\"lazy\" decoding=\"async\" src=\"https:\/\/liv-in.com\/wp-content\/uploads\/2025\/03\/Livin-construction-in-progress-900x900.webp\" alt=\"\" width=\"900\" height=\"900\" data-ratio=\"1\" \/>\t<\/div>\n\t<\/div>\n\t\t\t<div class=\"swiper-pagination\"><\/div>\n<\/div>\n\t\t\t\t<\/div>\n\t\t\t\t<\/div>\n\t\t\t\t\t<\/div>\n\t\t\t\t<\/div>\n\t\t\t\t\t<\/div>\n\t\t\t\t<\/div>\n\t\t\t\t<\/div>\n\t\t","protected":false},"excerpt":{"rendered":"<p>Constru\u00e7\u00e3o Liv&#8217;in \u00e9 sin\u00f3nimo de qualidade excecional na constru\u00e7\u00e3o, ao transformar meticulosamente as suas vis\u00f5es arquitet\u00f3nicas em estruturas duradouras tang\u00edveis que combinam durabilidade com excel\u00eancia de design. Planeamos cada detalhe para dar vida \u00e0s suas ideias e criar espa\u00e7os que reflitam verdadeiramente a sua vis\u00e3o. Garantimos uma qualidade excecional, um servi\u00e7o personalizado e solu\u00e7\u00f5es inovadoras, [&hellip;]<\/p>\n","protected":false},"author":1,"featured_media":0,"parent":0,"menu_order":0,"comment_status":"closed","ping_status":"closed","template":"page-full-width.php","meta":{"_acf_changed":false,"_seopress_robots_primary_cat":"","_seopress_titles_title":"Constru\u00e7\u00e3o %%sep%% %%sitetitle%%","_seopress_titles_desc":"","_seopress_robots_index":"","inline_featured_image":false,"footnotes":""},"class_list":["post-10898","page","type-page","status-publish","hentry"],"acf":[],"_links":{"self":[{"href":"https:\/\/liv-in.com\/pt-pt\/wp-json\/wp\/v2\/pages\/10898","targetHints":{"allow":["GET"]}}],"collection":[{"href":"https:\/\/liv-in.com\/pt-pt\/wp-json\/wp\/v2\/pages"}],"about":[{"href":"https:\/\/liv-in.com\/pt-pt\/wp-json\/wp\/v2\/types\/page"}],"author":[{"embeddable":true,"href":"https:\/\/liv-in.com\/pt-pt\/wp-json\/wp\/v2\/users\/1"}],"replies":[{"embeddable":true,"href":"https:\/\/liv-in.com\/pt-pt\/wp-json\/wp\/v2\/comments?post=10898"}],"version-history":[{"count":4,"href":"https:\/\/liv-in.com\/pt-pt\/wp-json\/wp\/v2\/pages\/10898\/revisions"}],"predecessor-version":[{"id":11410,"href":"https:\/\/liv-in.com\/pt-pt\/wp-json\/wp\/v2\/pages\/10898\/revisions\/11410"}],"wp:attachment":[{"href":"https:\/\/liv-in.com\/pt-pt\/wp-json\/wp\/v2\/media?parent=10898"}],"curies":[{"name":"wp","href":"https:\/\/api.w.org\/{rel}","templated":true}]}}