{"id":10893,"date":"2025-02-23T19:02:09","date_gmt":"2025-02-23T19:02:09","guid":{"rendered":"https:\/\/liv-in.com\/architecture\/"},"modified":"2025-03-19T23:01:27","modified_gmt":"2025-03-19T23:01:27","slug":"arquitetura","status":"publish","type":"page","link":"https:\/\/liv-in.com\/pt-pt\/arquitetura\/","title":{"rendered":"Servi\u00e7os: Arquitetura"},"content":{"rendered":"\t\t<div data-elementor-type=\"wp-page\" data-elementor-id=\"10893\" class=\"elementor elementor-10893 elementor-9468\" data-elementor-post-type=\"page\">\n\t\t\t\t<div class=\"elementor-element elementor-element-ae319e7 e-con-full e-flex e-con e-parent\" data-id=\"ae319e7\" data-element_type=\"container\">\n\t\t\t\t<div class=\"elementor-element elementor-element-ad34527 elementor-widget elementor-widget-template\" data-id=\"ad34527\" data-element_type=\"widget\" data-widget_type=\"template.default\">\n\t\t\t\t<div class=\"elementor-widget-container\">\n\t\t\t\t\t\t\t<div class=\"elementor-template\">\n\t\t\t\t\t<div data-elementor-type=\"container\" data-elementor-id=\"11354\" class=\"elementor elementor-11354 elementor-11318\" data-elementor-post-type=\"elementor_library\">\n\t\t\t\t<div class=\"elementor-element elementor-element-65737cbb e-con-full n_hero e-flex e-con e-parent\" data-id=\"65737cbb\" data-element_type=\"container\" data-settings=\"{&quot;background_background&quot;:&quot;classic&quot;}\">\n\t\t<div class=\"elementor-element elementor-element-4ac11cb9 e-con-full e-flex e-con e-child\" data-id=\"4ac11cb9\" data-element_type=\"container\">\n\t\t\t\t<div class=\"elementor-element elementor-element-61b993d elementor-widget elementor-widget-heading\" data-id=\"61b993d\" data-element_type=\"widget\" data-widget_type=\"heading.default\">\n\t\t\t\t<div class=\"elementor-widget-container\">\n\t\t\t\t\t<h1 class=\"elementor-heading-title elementor-size-default\">ARQUITETURA<\/h1>\t\t\t\t<\/div>\n\t\t\t\t<\/div>\n\t\t\t\t<\/div>\n\t\t\t\t<\/div>\n\t\t\t\t<\/div>\n\t\t\t\t<\/div>\n\t\t\t\t\t\t<\/div>\n\t\t\t\t<\/div>\n\t\t\t\t<\/div>\n\t\t<div class=\"elementor-element elementor-element-c19aeb4 e-con-full e-flex e-con e-parent\" data-id=\"c19aeb4\" data-element_type=\"container\">\n\t\t<div class=\"elementor-element elementor-element-783dcb2 e-con-full e-flex e-con e-child\" data-id=\"783dcb2\" data-element_type=\"container\">\n\t\t\t\t<div class=\"elementor-element elementor-element-bd3898a elementor-icon-list--layout-traditional elementor-list-item-link-full_width elementor-widget elementor-widget-icon-list\" data-id=\"bd3898a\" data-element_type=\"widget\" data-widget_type=\"icon-list.default\">\n\t\t\t\t<div class=\"elementor-widget-container\">\n\t\t\t\t\t\t\t<ul class=\"elementor-icon-list-items\">\n\t\t\t\t\t\t\t<li class=\"elementor-icon-list-item\">\n\t\t\t\t\t\t\t\t\t\t\t<span class=\"elementor-icon-list-icon\">\n\t\t\t\t\t\t\t<svg aria-hidden=\"true\" class=\"e-font-icon-svg e-fas-circle\" viewBox=\"0 0 512 512\" xmlns=\"http:\/\/www.w3.org\/2000\/svg\"><path d=\"M256 8C119 8 8 119 8 256s111 248 248 248 248-111 248-248S393 8 256 8z\"><\/path><\/svg>\t\t\t\t\t\t<\/span>\n\t\t\t\t\t\t\t\t\t\t<span class=\"elementor-icon-list-text\">Arquitetura<\/span>\n\t\t\t\t\t\t\t\t\t<\/li>\n\t\t\t\t\t\t<\/ul>\n\t\t\t\t\t\t<\/div>\n\t\t\t\t<\/div>\n\t\t<div class=\"elementor-element elementor-element-ed9c761 e-con-full e-flex e-con e-child\" data-id=\"ed9c761\" data-element_type=\"container\">\n\t\t\t\t<div class=\"elementor-element elementor-element-47a75d7 elementor-widget elementor-widget-heading\" data-id=\"47a75d7\" data-element_type=\"widget\" data-widget_type=\"heading.default\">\n\t\t\t\t<div class=\"elementor-widget-container\">\n\t\t\t\t\t<h5 class=\"elementor-heading-title elementor-size-default\">Na Liv\u2019in, somos especialistas em criar o conceito para a sua casa e em transformar os seus sonhos em realidade, com uma abordagem meticulosa e uma compreens\u00e3o excecional da din\u00e2mica que preenche o seu espa\u00e7o.\n<br>\nA nossa miss\u00e3o \u00e9 criar lares que reflitam a sua identidade \u00fanica, de forma aut\u00eantica.<\/h5>\t\t\t\t<\/div>\n\t\t\t\t<\/div>\n\t\t\t\t<\/div>\n\t\t\t\t<\/div>\n\t\t<div class=\"elementor-element elementor-element-02e5a92 e-con-full e-flex e-con e-child\" data-id=\"02e5a92\" data-element_type=\"container\">\n\t\t\t\t<div class=\"elementor-element elementor-element-4886475 elementor-widget elementor-widget-image\" data-id=\"4886475\" data-element_type=\"widget\" data-widget_type=\"image.default\">\n\t\t\t\t<div class=\"elementor-widget-container\">\n\t\t\t\t\t\t\t\t\t\t\t\t\t\t\t<img alt=\"\" fetchpriority=\"high\" decoding=\"async\" width=\"975\" height=\"488\" src=\"https:\/\/liv-in.com\/wp-content\/uploads\/2025\/02\/Architecture.webp\" class=\"attachment-full size-full wp-image-9457\" alt=\"\" srcset=\"https:\/\/liv-in.com\/wp-content\/uploads\/2025\/02\/Architecture.webp 975w, https:\/\/liv-in.com\/wp-content\/uploads\/2025\/02\/Architecture-300x150.webp 300w, https:\/\/liv-in.com\/wp-content\/uploads\/2025\/02\/Architecture-768x384.webp 768w\" sizes=\"(max-width: 975px) 100vw, 975px\" \/>\t\t\t\t\t\t\t\t\t\t\t\t\t\t\t<\/div>\n\t\t\t\t<\/div>\n\t\t\t\t<\/div>\n\t\t\t\t<\/div>\n\t\t<div class=\"elementor-element elementor-element-a4ede8e e-con-full e-flex e-con e-parent\" data-id=\"a4ede8e\" data-element_type=\"container\">\n\t\t<div class=\"elementor-element elementor-element-176ec74 e-con-full e-flex e-con e-child\" data-id=\"176ec74\" data-element_type=\"container\">\n\t\t\t\t<div class=\"elementor-element elementor-element-88e7a67 elementor-widget elementor-widget-heading\" data-id=\"88e7a67\" data-element_type=\"widget\" data-widget_type=\"heading.default\">\n\t\t\t\t<div class=\"elementor-widget-container\">\n\t\t\t\t\t<h5 class=\"elementor-heading-title elementor-size-default\">Criamos espa\u00e7os que transcendam a pura funcionalidade, concentrando-nos em primeiro lugar, na cria\u00e7\u00e3o de ambientes que inspirem, elevem e enrique\u00e7am as vidas daqueles que os habitam.<\/h5>\t\t\t\t<\/div>\n\t\t\t\t<\/div>\n\t\t\t\t<\/div>\n\t\t<div class=\"elementor-element elementor-element-4b8aeba e-con-full e-flex e-con e-child\" data-id=\"4b8aeba\" data-element_type=\"container\">\n\t\t<div class=\"elementor-element elementor-element-0648142 e-con-full e-flex e-con e-child\" data-id=\"0648142\" data-element_type=\"container\">\n\t\t<div class=\"elementor-element elementor-element-0ba9e6f e-con-full e-flex e-con e-child\" data-id=\"0ba9e6f\" data-element_type=\"container\">\n\t\t\t\t<div class=\"elementor-element elementor-element-5606495 elementor-widget elementor-widget-heading\" data-id=\"5606495\" data-element_type=\"widget\" data-widget_type=\"heading.default\">\n\t\t\t\t<div class=\"elementor-widget-container\">\n\t\t\t\t\t<h4 class=\"elementor-heading-title elementor-size-default\">A nossa Vis\u00e3o<\/h4>\t\t\t\t<\/div>\n\t\t\t\t<\/div>\n\t\t\t\t<div class=\"elementor-element elementor-element-2e69d58 elementor-widget elementor-widget-text-editor\" data-id=\"2e69d58\" data-element_type=\"widget\" data-widget_type=\"text-editor.default\">\n\t\t\t\t<div class=\"elementor-widget-container\">\n\t\t\t\t\t\t\t\t\t<p>A nossa vis\u00e3o da arquitetura vai para al\u00e9m dos limites convencionais. Acreditamos que a arquitetura n\u00e3o \u00e9 apenas a constru\u00e7\u00e3o de edif\u00edcios, \u00e9 uma forma de arte que tem o poder de moldar a forma como vivemos, trabalhamos e interagimos com o que nos rodeia. Com isto em mente, a nossa vis\u00e3o \u00e9 criar espa\u00e7os que combinem perfeitamente est\u00e9tica, funcionalidade e sustentabilidade.<\/p>\t\t\t\t\t\t\t\t<\/div>\n\t\t\t\t<\/div>\n\t\t\t\t<\/div>\n\t\t<div class=\"elementor-element elementor-element-58865b7 e-con-full e-flex e-con e-child\" data-id=\"58865b7\" data-element_type=\"container\">\n\t\t\t\t<div class=\"elementor-element elementor-element-448a009 elementor-widget elementor-widget-heading\" data-id=\"448a009\" data-element_type=\"widget\" data-widget_type=\"heading.default\">\n\t\t\t\t<div class=\"elementor-widget-container\">\n\t\t\t\t\t<h4 class=\"elementor-heading-title elementor-size-default\">Como trabalhamos<\/h4>\t\t\t\t<\/div>\n\t\t\t\t<\/div>\n\t\t\t\t<div class=\"elementor-element elementor-element-4c2e019 elementor-widget elementor-widget-text-editor\" data-id=\"4c2e019\" data-element_type=\"widget\" data-widget_type=\"text-editor.default\">\n\t\t\t\t<div class=\"elementor-widget-container\">\n\t\t\t\t\t\t\t\t\tCada projeto que realizamos \u00e9 abordado com um profundo conhecimento das suas necessidades e aspira\u00e7\u00f5es \u00fanicas. Acreditamos que a arquitetura deve refletir a identidade de cada um, criando espa\u00e7os que incorporem os seus sonhos e aspira\u00e7\u00f5es.\t\t\t\t\t\t\t\t<\/div>\n\t\t\t\t<\/div>\n\t\t\t\t<\/div>\n\t\t\t\t<\/div>\n\t\t\t\t<\/div>\n\t\t\t\t<\/div>\n\t\t<div class=\"elementor-element elementor-element-d6e10c5 e-flex e-con-boxed e-con e-parent\" data-id=\"d6e10c5\" data-element_type=\"container\">\n\t\t\t\t\t<div class=\"e-con-inner\">\n\t\t<div class=\"elementor-element elementor-element-7bd7ee5 e-flex e-con-boxed e-con e-child\" data-id=\"7bd7ee5\" data-element_type=\"container\">\n\t\t\t\t\t<div class=\"e-con-inner\">\n\t\t\t\t<div class=\"elementor-element elementor-element-f9e690a elementor-widget elementor-widget-hiroshi_core_image_gallery\" data-id=\"f9e690a\" data-element_type=\"widget\" data-widget_type=\"hiroshi_core_image_gallery.default\">\n\t\t\t\t<div class=\"elementor-widget-container\">\n\t\t\t\t\t<div class=\"qodef-shortcode qodef-m  qodef-image-gallery    qodef-grid qodef-swiper-container  qodef-gutter--tiny qodef-col-num--3  qodef-responsive--predefined qodef-swiper--show-pagination qodef-swiper--show-hidden-slides\" data-options=\"{&quot;slidesPerView&quot;:&quot;3&quot;,&quot;spaceBetween&quot;:8,&quot;loop&quot;:true,&quot;autoplay&quot;:true,&quot;speed&quot;:&quot;&quot;,&quot;speedAnimation&quot;:&quot;&quot;,&quot;slideAnimation&quot;:&quot;&quot;,&quot;direction&quot;:&quot;&quot;,&quot;centeredSlides&quot;:false,&quot;sliderScroll&quot;:false,&quot;loopAdditionalSlides&quot;:&quot;2&quot;,&quot;sliderPaginationType&quot;:&quot;bullets&quot;}\" dir=\"ltr\">\n<div class=\"swiper-wrapper\">\n\t\t<div class=\"qodef-e qodef-image-wrapper swiper-slide \">\n\t\t\t<img decoding=\"async\" width=\"975\" height=\"488\" src=\"https:\/\/liv-in.com\/wp-content\/uploads\/2025\/02\/Architecture.webp\" class=\"attachment-full size-full\" alt=\"\" srcset=\"https:\/\/liv-in.com\/wp-content\/uploads\/2025\/02\/Architecture.webp 975w, https:\/\/liv-in.com\/wp-content\/uploads\/2025\/02\/Architecture-300x150.webp 300w, https:\/\/liv-in.com\/wp-content\/uploads\/2025\/02\/Architecture-768x384.webp 768w\" sizes=\"(max-width: 975px) 100vw, 975px\" \/>\t<\/div>\n<div class=\"qodef-e qodef-image-wrapper swiper-slide \">\n\t\t\t<img decoding=\"async\" width=\"975\" height=\"488\" src=\"https:\/\/liv-in.com\/wp-content\/uploads\/2025\/02\/Project-Management.webp\" class=\"attachment-full size-full\" alt=\"\" srcset=\"https:\/\/liv-in.com\/wp-content\/uploads\/2025\/02\/Project-Management.webp 975w, https:\/\/liv-in.com\/wp-content\/uploads\/2025\/02\/Project-Management-300x150.webp 300w, https:\/\/liv-in.com\/wp-content\/uploads\/2025\/02\/Project-Management-768x384.webp 768w\" sizes=\"(max-width: 975px) 100vw, 975px\" \/>\t<\/div>\n<div class=\"qodef-e qodef-image-wrapper swiper-slide \">\n\t\t\t<img loading=\"lazy\" decoding=\"async\" width=\"975\" height=\"488\" src=\"https:\/\/liv-in.com\/wp-content\/uploads\/2025\/02\/Service-Construction.webp\" class=\"attachment-full size-full\" alt=\"\" srcset=\"https:\/\/liv-in.com\/wp-content\/uploads\/2025\/02\/Service-Construction.webp 975w, https:\/\/liv-in.com\/wp-content\/uploads\/2025\/02\/Service-Construction-300x150.webp 300w, https:\/\/liv-in.com\/wp-content\/uploads\/2025\/02\/Service-Construction-768x384.webp 768w\" sizes=\"(max-width: 975px) 100vw, 975px\" \/>\t<\/div>\n<div class=\"qodef-e qodef-image-wrapper swiper-slide \">\n\t\t\t<img loading=\"lazy\" decoding=\"async\" width=\"975\" height=\"488\" src=\"https:\/\/liv-in.com\/wp-content\/uploads\/2025\/02\/Service-interior-design.webp\" class=\"attachment-full size-full\" alt=\"\" srcset=\"https:\/\/liv-in.com\/wp-content\/uploads\/2025\/02\/Service-interior-design.webp 975w, https:\/\/liv-in.com\/wp-content\/uploads\/2025\/02\/Service-interior-design-300x150.webp 300w, https:\/\/liv-in.com\/wp-content\/uploads\/2025\/02\/Service-interior-design-768x384.webp 768w\" sizes=\"(max-width: 975px) 100vw, 975px\" \/>\t<\/div>\n\t<\/div>\n\t\t\t<div class=\"swiper-pagination\"><\/div>\n<\/div>\n\t\t\t\t<\/div>\n\t\t\t\t<\/div>\n\t\t\t\t\t<\/div>\n\t\t\t\t<\/div>\n\t\t\t\t\t<\/div>\n\t\t\t\t<\/div>\n\t\t<div class=\"elementor-element elementor-element-6bf3db9 e-con-full e-flex e-con e-parent\" data-id=\"6bf3db9\" data-element_type=\"container\">\n\t\t<div class=\"elementor-element elementor-element-74aa2c6 e-con-full e-flex e-con e-child\" data-id=\"74aa2c6\" data-element_type=\"container\">\n\t\t\t\t<div class=\"elementor-element elementor-element-d371939 elementor-widget elementor-widget-hiroshi_core_separator\" data-id=\"d371939\" data-element_type=\"widget\" data-widget_type=\"hiroshi_core_separator.default\">\n\t\t\t\t<div class=\"elementor-widget-container\">\n\t\t\t\t\t<div class=\"qodef-shortcode qodef-m  qodef-separator clear  \">\n\t<div class=\"qodef-m-line\" ><\/div>\n<\/div>\n\t\t\t\t<\/div>\n\t\t\t\t<\/div>\n\t\t\t\t<\/div>\n\t\t\t\t<\/div>\n\t\t<div class=\"elementor-element elementor-element-e4f814d e-con-full e-flex e-con e-parent\" data-id=\"e4f814d\" data-element_type=\"container\">\n\t\t<div class=\"elementor-element elementor-element-e786e51 e-con-full e-flex e-con e-child\" data-id=\"e786e51\" data-element_type=\"container\">\n\t\t\t\t<div class=\"elementor-element elementor-element-9ed9f33 elementor-icon-list--layout-traditional elementor-list-item-link-full_width elementor-widget elementor-widget-icon-list\" data-id=\"9ed9f33\" data-element_type=\"widget\" data-widget_type=\"icon-list.default\">\n\t\t\t\t<div class=\"elementor-widget-container\">\n\t\t\t\t\t\t\t<ul class=\"elementor-icon-list-items\">\n\t\t\t\t\t\t\t<li class=\"elementor-icon-list-item\">\n\t\t\t\t\t\t\t\t\t\t\t<span class=\"elementor-icon-list-icon\">\n\t\t\t\t\t\t\t<svg aria-hidden=\"true\" class=\"e-font-icon-svg e-fas-circle\" viewBox=\"0 0 512 512\" xmlns=\"http:\/\/www.w3.org\/2000\/svg\"><path d=\"M256 8C119 8 8 119 8 256s111 248 248 248 248-111 248-248S393 8 256 8z\"><\/path><\/svg>\t\t\t\t\t\t<\/span>\n\t\t\t\t\t\t\t\t\t\t<span class=\"elementor-icon-list-text\">Gest\u00e3o de Projeto<\/span>\n\t\t\t\t\t\t\t\t\t<\/li>\n\t\t\t\t\t\t<\/ul>\n\t\t\t\t\t\t<\/div>\n\t\t\t\t<\/div>\n\t\t<div class=\"elementor-element elementor-element-8a8361e e-con-full e-flex e-con e-child\" data-id=\"8a8361e\" data-element_type=\"container\">\n\t\t\t\t<div class=\"elementor-element elementor-element-1f5fc81 elementor-widget elementor-widget-heading\" data-id=\"1f5fc81\" data-element_type=\"widget\" data-widget_type=\"heading.default\">\n\t\t\t\t<div class=\"elementor-widget-container\">\n\t\t\t\t\t<h5 class=\"elementor-heading-title elementor-size-default\">Planeamos, coordenamos e supervisionamos meticulosamente todos os aspetos de um projeto com um olhar atento, desde a aloca\u00e7\u00e3o de recursos e gest\u00e3o de prazos at\u00e9 \u00e0 avalia\u00e7\u00e3o de riscos e controlo de qualidade, garantindo uma integra\u00e7\u00e3o perfeita entre est\u00e9tica e funcionalidade. O nosso compromisso com a precis\u00e3o e a inova\u00e7\u00e3o permite-nos alcan\u00e7ar resultados excecionais, transformando vis\u00f5es em realidade com efici\u00eancia e excel\u00eancia.<\/h5>\t\t\t\t<\/div>\n\t\t\t\t<\/div>\n\t\t\t\t<\/div>\n\t\t\t\t<\/div>\n\t\t<div class=\"elementor-element elementor-element-5969c79 e-con-full e-flex e-con e-child\" data-id=\"5969c79\" data-element_type=\"container\">\n\t\t\t\t<div class=\"elementor-element elementor-element-191a80b elementor-widget elementor-widget-image\" data-id=\"191a80b\" data-element_type=\"widget\" data-widget_type=\"image.default\">\n\t\t\t\t<div class=\"elementor-widget-container\">\n\t\t\t\t\t\t\t\t\t\t\t\t\t\t\t<img alt=\"\" loading=\"lazy\" decoding=\"async\" width=\"975\" height=\"488\" src=\"https:\/\/liv-in.com\/wp-content\/uploads\/2025\/02\/Project-Management.webp\" class=\"attachment-full size-full wp-image-9473\" alt=\"\" srcset=\"https:\/\/liv-in.com\/wp-content\/uploads\/2025\/02\/Project-Management.webp 975w, https:\/\/liv-in.com\/wp-content\/uploads\/2025\/02\/Project-Management-300x150.webp 300w, https:\/\/liv-in.com\/wp-content\/uploads\/2025\/02\/Project-Management-768x384.webp 768w\" sizes=\"(max-width: 975px) 100vw, 975px\" \/>\t\t\t\t\t\t\t\t\t\t\t\t\t\t\t<\/div>\n\t\t\t\t<\/div>\n\t\t\t\t<\/div>\n\t\t\t\t<\/div>\n\t\t<div class=\"elementor-element elementor-element-0ed8d0e e-con-full e-flex e-con e-parent\" data-id=\"0ed8d0e\" data-element_type=\"container\">\n\t\t<div class=\"elementor-element elementor-element-24f4947 e-con-full e-flex e-con e-child\" data-id=\"24f4947\" data-element_type=\"container\">\n\t\t\t\t<div class=\"elementor-element elementor-element-38b9e22 elementor-widget elementor-widget-heading\" data-id=\"38b9e22\" data-element_type=\"widget\" data-widget_type=\"heading.default\">\n\t\t\t\t<div class=\"elementor-widget-container\">\n\t\t\t\t\t<h5 class=\"elementor-heading-title elementor-size-default\">Otimizamos o processo de constru\u00e7\u00e3o, asseguramos uma coordena\u00e7\u00e3o eficiente entre todas as partes e cumprimos rigorosamente prazos e or\u00e7amentos. Com uma gest\u00e3o de projetos eficaz e um planeamento estrat\u00e9gico, conclu\u00edmos os projetos dentro do prazo, do or\u00e7amento e com um n\u00edvel de qualidade inigual\u00e1vel.<\/h5>\t\t\t\t<\/div>\n\t\t\t\t<\/div>\n\t\t\t\t<\/div>\n\t\t<div class=\"elementor-element elementor-element-37364e5 e-con-full e-flex e-con e-child\" data-id=\"37364e5\" data-element_type=\"container\">\n\t\t<div class=\"elementor-element elementor-element-f676ea2 e-con-full e-flex e-con e-child\" data-id=\"f676ea2\" data-element_type=\"container\">\n\t\t<div class=\"elementor-element elementor-element-7842f94 e-con-full e-flex e-con e-child\" data-id=\"7842f94\" data-element_type=\"container\">\n\t\t\t\t<div class=\"elementor-element elementor-element-29224fa elementor-widget elementor-widget-heading\" data-id=\"29224fa\" data-element_type=\"widget\" data-widget_type=\"heading.default\">\n\t\t\t\t<div class=\"elementor-widget-container\">\n\t\t\t\t\t<h4 class=\"elementor-heading-title elementor-size-default\">A nossa Vis\u00e3o<\/h4>\t\t\t\t<\/div>\n\t\t\t\t<\/div>\n\t\t\t\t<div class=\"elementor-element elementor-element-59affda elementor-widget elementor-widget-text-editor\" data-id=\"59affda\" data-element_type=\"widget\" data-widget_type=\"text-editor.default\">\n\t\t\t\t<div class=\"elementor-widget-container\">\n\t\t\t\t\t\t\t\t\t<p>A nossa vis\u00e3o \u00e9 transformar ideias, conceitos e inspira\u00e7\u00f5es em realidades tang\u00edveis, assegurando uma experi\u00eancia fluida e envolvente.<br \/>Priorizamos uma comunica\u00e7\u00e3o clara e transparente, envolvendo-o em cada etapa do processo de decis\u00e3o para garantir que a sua vis\u00e3o se reflete em todas as escolhas do seu projeto.<\/p>\t\t\t\t\t\t\t\t<\/div>\n\t\t\t\t<\/div>\n\t\t\t\t<\/div>\n\t\t<div class=\"elementor-element elementor-element-89a0315 e-con-full e-flex e-con e-child\" data-id=\"89a0315\" data-element_type=\"container\">\n\t\t\t\t<div class=\"elementor-element elementor-element-6ed893c elementor-widget elementor-widget-heading\" data-id=\"6ed893c\" data-element_type=\"widget\" data-widget_type=\"heading.default\">\n\t\t\t\t<div class=\"elementor-widget-container\">\n\t\t\t\t\t<h4 class=\"elementor-heading-title elementor-size-default\">Como fazemos<\/h4>\t\t\t\t<\/div>\n\t\t\t\t<\/div>\n\t\t\t\t<div class=\"elementor-element elementor-element-a2e258e elementor-widget elementor-widget-text-editor\" data-id=\"a2e258e\" data-element_type=\"widget\" data-widget_type=\"text-editor.default\">\n\t\t\t\t<div class=\"elementor-widget-container\">\n\t\t\t\t\t\t\t\t\t<p>Atrav\u00e9s de um planeamento cuidadoso, gest\u00e3o eficiente de or\u00e7amentos e execu\u00e7\u00e3o rigorosa, criamos espa\u00e7os que superam expectativas, inspiram criatividade e promovem o seu bem-estar.<\/p>\t\t\t\t\t\t\t\t<\/div>\n\t\t\t\t<\/div>\n\t\t\t\t<\/div>\n\t\t\t\t<\/div>\n\t\t\t\t<\/div>\n\t\t\t\t<\/div>\n\t\t\t\t<\/div>\n\t\t","protected":false},"excerpt":{"rendered":"<p>Arquitetura Na Liv\u2019in, somos especialistas em criar o conceito para a sua casa e em transformar os seus sonhos em realidade, com uma abordagem meticulosa e uma compreens\u00e3o excecional da din\u00e2mica que preenche o seu espa\u00e7o. A nossa miss\u00e3o \u00e9 criar lares que reflitam a sua identidade \u00fanica, de forma aut\u00eantica. Criamos espa\u00e7os que transcendam [&hellip;]<\/p>\n","protected":false},"author":5,"featured_media":0,"parent":0,"menu_order":0,"comment_status":"closed","ping_status":"closed","template":"page-full-width.php","meta":{"_acf_changed":false,"_seopress_robots_primary_cat":"","_seopress_titles_title":"Arquitetura %%sep%% %%sitetitle%%","_seopress_titles_desc":"","_seopress_robots_index":"","inline_featured_image":false,"footnotes":""},"class_list":["post-10893","page","type-page","status-publish","hentry"],"acf":[],"_links":{"self":[{"href":"https:\/\/liv-in.com\/pt-pt\/wp-json\/wp\/v2\/pages\/10893","targetHints":{"allow":["GET"]}}],"collection":[{"href":"https:\/\/liv-in.com\/pt-pt\/wp-json\/wp\/v2\/pages"}],"about":[{"href":"https:\/\/liv-in.com\/pt-pt\/wp-json\/wp\/v2\/types\/page"}],"author":[{"embeddable":true,"href":"https:\/\/liv-in.com\/pt-pt\/wp-json\/wp\/v2\/users\/5"}],"replies":[{"embeddable":true,"href":"https:\/\/liv-in.com\/pt-pt\/wp-json\/wp\/v2\/comments?post=10893"}],"version-history":[{"count":6,"href":"https:\/\/liv-in.com\/pt-pt\/wp-json\/wp\/v2\/pages\/10893\/revisions"}],"predecessor-version":[{"id":11367,"href":"https:\/\/liv-in.com\/pt-pt\/wp-json\/wp\/v2\/pages\/10893\/revisions\/11367"}],"wp:attachment":[{"href":"https:\/\/liv-in.com\/pt-pt\/wp-json\/wp\/v2\/media?parent=10893"}],"curies":[{"name":"wp","href":"https:\/\/api.w.org\/{rel}","templated":true}]}}