{"id":10887,"date":"2025-02-23T18:26:32","date_gmt":"2025-02-23T18:26:32","guid":{"rendered":"https:\/\/liv-in.com\/services\/"},"modified":"2025-03-19T23:06:09","modified_gmt":"2025-03-19T23:06:09","slug":"servicos","status":"publish","type":"page","link":"https:\/\/liv-in.com\/pt-pt\/servicos\/","title":{"rendered":"Servi\u00e7os"},"content":{"rendered":"\t\t<div data-elementor-type=\"wp-page\" data-elementor-id=\"10887\" class=\"elementor elementor-10887 elementor-9454\" data-elementor-post-type=\"page\">\n\t\t\t\t<div class=\"elementor-element elementor-element-8805a93 e-con-full e-flex e-con e-parent\" data-id=\"8805a93\" data-element_type=\"container\">\n\t\t\t\t<div class=\"elementor-element elementor-element-558180b elementor-widget elementor-widget-template\" data-id=\"558180b\" data-element_type=\"widget\" data-widget_type=\"template.default\">\n\t\t\t\t<div class=\"elementor-widget-container\">\n\t\t\t\t\t\t\t<div class=\"elementor-template\">\n\t\t\t\t\t<div data-elementor-type=\"container\" data-elementor-id=\"11354\" class=\"elementor elementor-11354 elementor-11318\" data-elementor-post-type=\"elementor_library\">\n\t\t\t\t<div class=\"elementor-element elementor-element-65737cbb e-con-full n_hero e-flex e-con e-parent\" data-id=\"65737cbb\" data-element_type=\"container\" data-settings=\"{&quot;background_background&quot;:&quot;classic&quot;}\">\n\t\t<div class=\"elementor-element elementor-element-4ac11cb9 e-con-full e-flex e-con e-child\" data-id=\"4ac11cb9\" data-element_type=\"container\">\n\t\t\t\t<div class=\"elementor-element elementor-element-61b993d elementor-widget elementor-widget-heading\" data-id=\"61b993d\" data-element_type=\"widget\" data-widget_type=\"heading.default\">\n\t\t\t\t<div class=\"elementor-widget-container\">\n\t\t\t\t\t<h1 class=\"elementor-heading-title elementor-size-default\">SERVI\u00c7OS<\/h1>\t\t\t\t<\/div>\n\t\t\t\t<\/div>\n\t\t\t\t<\/div>\n\t\t\t\t<\/div>\n\t\t\t\t<\/div>\n\t\t\t\t<\/div>\n\t\t\t\t\t\t<\/div>\n\t\t\t\t<\/div>\n\t\t\t\t<\/div>\n\t\t<div class=\"elementor-element elementor-element-fcd9772 e-flex e-con-boxed e-con e-parent\" data-id=\"fcd9772\" data-element_type=\"container\">\n\t\t\t\t\t<div class=\"e-con-inner\">\n\t\t\t\t<div class=\"elementor-element elementor-element-a562476 elementor-widget elementor-widget-heading\" data-id=\"a562476\" data-element_type=\"widget\" data-widget_type=\"heading.default\">\n\t\t\t\t<div class=\"elementor-widget-container\">\n\t\t\t\t\t<h2 class=\"elementor-heading-title elementor-size-default\">Identificamos as suas necessidades e planeamos cuidadosamente todos os recursos e materiais. Gerimos a execu\u00e7\u00e3o de modo a assegurar uma entrega final impec\u00e1vel.<\/h2>\t\t\t\t<\/div>\n\t\t\t\t<\/div>\n\t\t\t\t\t<\/div>\n\t\t\t\t<\/div>\n\t\t<div class=\"elementor-element elementor-element-6bf3db9 e-con-full e-flex e-con e-parent\" data-id=\"6bf3db9\" data-element_type=\"container\">\n\t\t<div class=\"elementor-element elementor-element-74aa2c6 e-con-full e-flex e-con e-child\" data-id=\"74aa2c6\" data-element_type=\"container\">\n\t\t\t\t<div class=\"elementor-element elementor-element-d371939 elementor-widget elementor-widget-hiroshi_core_separator\" data-id=\"d371939\" data-element_type=\"widget\" data-widget_type=\"hiroshi_core_separator.default\">\n\t\t\t\t<div class=\"elementor-widget-container\">\n\t\t\t\t\t<div class=\"qodef-shortcode qodef-m  qodef-separator clear  \">\n\t<div class=\"qodef-m-line\" ><\/div>\n<\/div>\n\t\t\t\t<\/div>\n\t\t\t\t<\/div>\n\t\t\t\t<\/div>\n\t\t\t\t<\/div>\n\t\t<div class=\"elementor-element elementor-element-c19aeb4 e-con-full e-flex e-con e-parent\" data-id=\"c19aeb4\" data-element_type=\"container\">\n\t\t<div class=\"elementor-element elementor-element-783dcb2 e-con-full e-flex e-con e-child\" data-id=\"783dcb2\" data-element_type=\"container\">\n\t\t\t\t<div class=\"elementor-element elementor-element-bd3898a elementor-icon-list--layout-traditional elementor-list-item-link-full_width elementor-widget elementor-widget-icon-list\" data-id=\"bd3898a\" data-element_type=\"widget\" data-widget_type=\"icon-list.default\">\n\t\t\t\t<div class=\"elementor-widget-container\">\n\t\t\t\t\t\t\t<ul class=\"elementor-icon-list-items\">\n\t\t\t\t\t\t\t<li class=\"elementor-icon-list-item\">\n\t\t\t\t\t\t\t\t\t\t\t<a href=\"https:\/\/liv-in.com\/pt-pt\/arquitetura\/\">\n\n\t\t\t\t\t\t\t\t\t\t\t\t<span class=\"elementor-icon-list-icon\">\n\t\t\t\t\t\t\t<svg aria-hidden=\"true\" class=\"e-font-icon-svg e-fas-circle\" viewBox=\"0 0 512 512\" xmlns=\"http:\/\/www.w3.org\/2000\/svg\"><path d=\"M256 8C119 8 8 119 8 256s111 248 248 248 248-111 248-248S393 8 256 8z\"><\/path><\/svg>\t\t\t\t\t\t<\/span>\n\t\t\t\t\t\t\t\t\t\t<span class=\"elementor-icon-list-text\">Arquitetura<\/span>\n\t\t\t\t\t\t\t\t\t\t\t<\/a>\n\t\t\t\t\t\t\t\t\t<\/li>\n\t\t\t\t\t\t<\/ul>\n\t\t\t\t\t\t<\/div>\n\t\t\t\t<\/div>\n\t\t<div class=\"elementor-element elementor-element-ed9c761 e-con-full e-flex e-con e-child\" data-id=\"ed9c761\" data-element_type=\"container\">\n\t\t\t\t<div class=\"elementor-element elementor-element-47a75d7 elementor-widget elementor-widget-heading\" data-id=\"47a75d7\" data-element_type=\"widget\" data-widget_type=\"heading.default\">\n\t\t\t\t<div class=\"elementor-widget-container\">\n\t\t\t\t\t<h5 class=\"elementor-heading-title elementor-size-default\">Na Liv\u2019in, somos especialistas em criar o conceito para a sua casa e em transformar os seus sonhos em realidade, com uma abordagem meticulosa e uma compreens\u00e3o excecional da din\u00e2mica que preenche o seu espa\u00e7o.\n<br \/>\nA nossa miss\u00e3o \u00e9 criar lares que reflitam a sua identidade \u00fanica, de forma aut\u00eantica.<\/h5>\t\t\t\t<\/div>\n\t\t\t\t<\/div>\n\t\t\t\t<div class=\"elementor-element elementor-element-0c96d19 elementor-widget__width-auto elementor-widget elementor-widget-hiroshi_core_button\" data-id=\"0c96d19\" data-element_type=\"widget\" data-widget_type=\"hiroshi_core_button.default\">\n\t\t\t\t<div class=\"elementor-widget-container\">\n\t\t\t\t\t<a class=\"qodef-shortcode qodef-m  qodef-button qodef-layout--textual  qodef-html--link\" href=\"https:\/\/liv-in.com\/pt-pt\/arquitetura\/\" target=\"_self\"  >\n\t<span class=\"qodef-m-text\">saiba mais<\/span>\n<\/a>\n\t\t\t\t<\/div>\n\t\t\t\t<\/div>\n\t\t\t\t<\/div>\n\t\t\t\t<\/div>\n\t\t<div class=\"elementor-element elementor-element-02e5a92 e-con-full e-flex e-con e-child\" data-id=\"02e5a92\" data-element_type=\"container\">\n\t\t\t\t<div class=\"elementor-element elementor-element-4886475 elementor-widget elementor-widget-image\" data-id=\"4886475\" data-element_type=\"widget\" data-widget_type=\"image.default\">\n\t\t\t\t<div class=\"elementor-widget-container\">\n\t\t\t\t\t\t\t\t\t\t\t\t\t\t\t<img alt=\"\" fetchpriority=\"high\" decoding=\"async\" width=\"975\" height=\"488\" src=\"https:\/\/liv-in.com\/wp-content\/uploads\/2025\/02\/Architecture.webp\" class=\"attachment-full size-full wp-image-9457\" alt=\"\" srcset=\"https:\/\/liv-in.com\/wp-content\/uploads\/2025\/02\/Architecture.webp 975w, https:\/\/liv-in.com\/wp-content\/uploads\/2025\/02\/Architecture-300x150.webp 300w, https:\/\/liv-in.com\/wp-content\/uploads\/2025\/02\/Architecture-768x384.webp 768w\" sizes=\"(max-width: 975px) 100vw, 975px\" \/>\t\t\t\t\t\t\t\t\t\t\t\t\t\t\t<\/div>\n\t\t\t\t<\/div>\n\t\t\t\t<\/div>\n\t\t\t\t<\/div>\n\t\t<div class=\"elementor-element elementor-element-9fe53b2 e-con-full e-flex e-con e-parent\" data-id=\"9fe53b2\" data-element_type=\"container\">\n\t\t<div class=\"elementor-element elementor-element-0a9fcc5 e-con-full e-flex e-con e-child\" data-id=\"0a9fcc5\" data-element_type=\"container\">\n\t\t\t\t<div class=\"elementor-element elementor-element-547e478 elementor-widget elementor-widget-image\" data-id=\"547e478\" data-element_type=\"widget\" data-widget_type=\"image.default\">\n\t\t\t\t<div class=\"elementor-widget-container\">\n\t\t\t\t\t\t\t\t\t\t\t\t\t\t\t<img alt=\"\" decoding=\"async\" width=\"1000\" height=\"501\" src=\"https:\/\/liv-in.com\/wp-content\/uploads\/2025\/03\/Interior-Design-Material-Selection-Livin_hub.webp\" class=\"attachment-full size-full wp-image-11012\" alt=\"\" srcset=\"https:\/\/liv-in.com\/wp-content\/uploads\/2025\/03\/Interior-Design-Material-Selection-Livin_hub.webp 1000w, https:\/\/liv-in.com\/wp-content\/uploads\/2025\/03\/Interior-Design-Material-Selection-Livin_hub-300x150.webp 300w, https:\/\/liv-in.com\/wp-content\/uploads\/2025\/03\/Interior-Design-Material-Selection-Livin_hub-768x385.webp 768w\" sizes=\"(max-width: 1000px) 100vw, 1000px\" \/>\t\t\t\t\t\t\t\t\t\t\t\t\t\t\t<\/div>\n\t\t\t\t<\/div>\n\t\t\t\t<\/div>\n\t\t<div class=\"elementor-element elementor-element-cd9f0bf e-con-full e-flex e-con e-child\" data-id=\"cd9f0bf\" data-element_type=\"container\">\n\t\t\t\t<div class=\"elementor-element elementor-element-67e8d46 elementor-icon-list--layout-traditional elementor-list-item-link-full_width elementor-widget elementor-widget-icon-list\" data-id=\"67e8d46\" data-element_type=\"widget\" data-widget_type=\"icon-list.default\">\n\t\t\t\t<div class=\"elementor-widget-container\">\n\t\t\t\t\t\t\t<ul class=\"elementor-icon-list-items\">\n\t\t\t\t\t\t\t<li class=\"elementor-icon-list-item\">\n\t\t\t\t\t\t\t\t\t\t\t<a href=\"https:\/\/liv-in.com\/pt-pt\/design-de-interiores\/\">\n\n\t\t\t\t\t\t\t\t\t\t\t\t<span class=\"elementor-icon-list-icon\">\n\t\t\t\t\t\t\t<svg aria-hidden=\"true\" class=\"e-font-icon-svg e-fas-circle\" viewBox=\"0 0 512 512\" xmlns=\"http:\/\/www.w3.org\/2000\/svg\"><path d=\"M256 8C119 8 8 119 8 256s111 248 248 248 248-111 248-248S393 8 256 8z\"><\/path><\/svg>\t\t\t\t\t\t<\/span>\n\t\t\t\t\t\t\t\t\t\t<span class=\"elementor-icon-list-text\">Design de Interiores<\/span>\n\t\t\t\t\t\t\t\t\t\t\t<\/a>\n\t\t\t\t\t\t\t\t\t<\/li>\n\t\t\t\t\t\t<\/ul>\n\t\t\t\t\t\t<\/div>\n\t\t\t\t<\/div>\n\t\t<div class=\"elementor-element elementor-element-1d80516 e-con-full e-flex e-con e-child\" data-id=\"1d80516\" data-element_type=\"container\">\n\t\t\t\t<div class=\"elementor-element elementor-element-b823298 elementor-widget elementor-widget-heading\" data-id=\"b823298\" data-element_type=\"widget\" data-widget_type=\"heading.default\">\n\t\t\t\t<div class=\"elementor-widget-container\">\n\t\t\t\t\t<h5 class=\"elementor-heading-title elementor-size-default\">Atrav\u00e9s da nossa vasta experi\u00eancia em design, a nossa equipa combina o conforto e a est\u00e9tica para criar ambientes interiores personalizados. Com uma aten\u00e7\u00e3o meticulosa aos detalhes, todas as vertentes dos nossos projetos s\u00e3o intencionalmente concebidas para se alinharem perfeitamente com o seu estilo de vida \u00fanico, elevando uma sensa\u00e7\u00e3o de satisfa\u00e7\u00e3o e bem-estar nas suas experi\u00eancias de vida di\u00e1rias.<\/h5>\t\t\t\t<\/div>\n\t\t\t\t<\/div>\n\t\t\t\t<div class=\"elementor-element elementor-element-99e2007 elementor-widget__width-auto elementor-widget elementor-widget-hiroshi_core_button\" data-id=\"99e2007\" data-element_type=\"widget\" data-widget_type=\"hiroshi_core_button.default\">\n\t\t\t\t<div class=\"elementor-widget-container\">\n\t\t\t\t\t<a class=\"qodef-shortcode qodef-m  qodef-button qodef-layout--textual  qodef-html--link\" href=\"https:\/\/liv-in.com\/pt-pt\/design-de-interiores\/\" target=\"_self\"  >\n\t<span class=\"qodef-m-text\">saiba mais<\/span>\n<\/a>\n\t\t\t\t<\/div>\n\t\t\t\t<\/div>\n\t\t\t\t<\/div>\n\t\t\t\t<\/div>\n\t\t\t\t<\/div>\n\t\t<div class=\"elementor-element elementor-element-b7164c9 e-con-full e-flex e-con e-parent\" data-id=\"b7164c9\" data-element_type=\"container\">\n\t\t<div class=\"elementor-element elementor-element-a7a8ab4 e-con-full e-flex e-con e-child\" data-id=\"a7a8ab4\" data-element_type=\"container\">\n\t\t\t\t<div class=\"elementor-element elementor-element-cf7433b elementor-icon-list--layout-traditional elementor-list-item-link-full_width elementor-widget elementor-widget-icon-list\" data-id=\"cf7433b\" data-element_type=\"widget\" data-widget_type=\"icon-list.default\">\n\t\t\t\t<div class=\"elementor-widget-container\">\n\t\t\t\t\t\t\t<ul class=\"elementor-icon-list-items\">\n\t\t\t\t\t\t\t<li class=\"elementor-icon-list-item\">\n\t\t\t\t\t\t\t\t\t\t\t<a href=\"https:\/\/liv-in.com\/pt-pt\/construcao\/\">\n\n\t\t\t\t\t\t\t\t\t\t\t\t<span class=\"elementor-icon-list-icon\">\n\t\t\t\t\t\t\t<svg aria-hidden=\"true\" class=\"e-font-icon-svg e-fas-circle\" viewBox=\"0 0 512 512\" xmlns=\"http:\/\/www.w3.org\/2000\/svg\"><path d=\"M256 8C119 8 8 119 8 256s111 248 248 248 248-111 248-248S393 8 256 8z\"><\/path><\/svg>\t\t\t\t\t\t<\/span>\n\t\t\t\t\t\t\t\t\t\t<span class=\"elementor-icon-list-text\">Constru\u00e7\u00e3o<\/span>\n\t\t\t\t\t\t\t\t\t\t\t<\/a>\n\t\t\t\t\t\t\t\t\t<\/li>\n\t\t\t\t\t\t<\/ul>\n\t\t\t\t\t\t<\/div>\n\t\t\t\t<\/div>\n\t\t<div class=\"elementor-element elementor-element-28de988 e-con-full e-flex e-con e-child\" data-id=\"28de988\" data-element_type=\"container\">\n\t\t\t\t<div class=\"elementor-element elementor-element-1c00dbf elementor-widget elementor-widget-heading\" data-id=\"1c00dbf\" data-element_type=\"widget\" data-widget_type=\"heading.default\">\n\t\t\t\t<div class=\"elementor-widget-container\">\n\t\t\t\t\t<h5 class=\"elementor-heading-title elementor-size-default\">A Liv'in representa uma qualidade excecional na constru\u00e7\u00e3o, transforma meticulosamente as suas ideias arquitet\u00f3nicas em estruturas tang\u00edveis e duradouras que combinam a durabilidade com a excel\u00eancia do design.<\/h5>\t\t\t\t<\/div>\n\t\t\t\t<\/div>\n\t\t\t\t<div class=\"elementor-element elementor-element-77ec728 elementor-widget__width-auto elementor-widget elementor-widget-hiroshi_core_button\" data-id=\"77ec728\" data-element_type=\"widget\" data-widget_type=\"hiroshi_core_button.default\">\n\t\t\t\t<div class=\"elementor-widget-container\">\n\t\t\t\t\t<a class=\"qodef-shortcode qodef-m  qodef-button qodef-layout--textual  qodef-html--link\" href=\"https:\/\/liv-in.com\/pt-pt\/construcao\/\" target=\"_self\"  >\n\t<span class=\"qodef-m-text\">saiba mais<\/span>\n<\/a>\n\t\t\t\t<\/div>\n\t\t\t\t<\/div>\n\t\t\t\t<\/div>\n\t\t\t\t<\/div>\n\t\t<div class=\"elementor-element elementor-element-192b1ce e-con-full e-flex e-con e-child\" data-id=\"192b1ce\" data-element_type=\"container\">\n\t\t\t\t<div class=\"elementor-element elementor-element-113210f elementor-widget elementor-widget-image\" data-id=\"113210f\" data-element_type=\"widget\" data-widget_type=\"image.default\">\n\t\t\t\t<div class=\"elementor-widget-container\">\n\t\t\t\t\t\t\t\t\t\t\t\t\t\t\t<img alt=\"\" decoding=\"async\" width=\"975\" height=\"488\" src=\"https:\/\/liv-in.com\/wp-content\/uploads\/2025\/02\/Service-Construction.webp\" class=\"attachment-full size-full wp-image-9459\" alt=\"\" srcset=\"https:\/\/liv-in.com\/wp-content\/uploads\/2025\/02\/Service-Construction.webp 975w, https:\/\/liv-in.com\/wp-content\/uploads\/2025\/02\/Service-Construction-300x150.webp 300w, https:\/\/liv-in.com\/wp-content\/uploads\/2025\/02\/Service-Construction-768x384.webp 768w\" sizes=\"(max-width: 975px) 100vw, 975px\" \/>\t\t\t\t\t\t\t\t\t\t\t\t\t\t\t<\/div>\n\t\t\t\t<\/div>\n\t\t\t\t<\/div>\n\t\t\t\t<\/div>\n\t\t<div class=\"elementor-element elementor-element-2fa4f01 e-con-full e-flex e-con e-parent\" data-id=\"2fa4f01\" data-element_type=\"container\">\n\t\t<div class=\"elementor-element elementor-element-52e5c38 e-con-full e-flex e-con e-child\" data-id=\"52e5c38\" data-element_type=\"container\" data-settings=\"{&quot;background_background&quot;:&quot;classic&quot;}\">\n\t\t<div class=\"elementor-element elementor-element-84e837f e-con-full e-flex e-con e-child\" data-id=\"84e837f\" data-element_type=\"container\">\n\t\t\t\t<div class=\"elementor-element elementor-element-6718d04 elementor-widget elementor-widget-heading\" data-id=\"6718d04\" data-element_type=\"widget\" data-widget_type=\"heading.default\">\n\t\t\t\t<div class=\"elementor-widget-container\">\n\t\t\t\t\t<h5 class=\"elementor-heading-title elementor-size-default\">Arquitetura, constru\u00e7\u00e3o e design de interiores \u00e0 medida: Oferecemos solu\u00e7\u00f5es completas e inovadoras, totalmente adaptadas \u00e0s suas necessidades. O nosso compromisso \u00e9 a sua satisfa\u00e7\u00e3o, concretizada atrav\u00e9s de projetos que elevam o prest\u00edgio e a qualidade da sua resid\u00eancia ou empresa.<\/h5>\t\t\t\t<\/div>\n\t\t\t\t<\/div>\n\t\t\t\t<\/div>\n\t\t\t\t<\/div>\n\t\t\t\t<\/div>\n\t\t\t\t<\/div>\n\t\t","protected":false},"excerpt":{"rendered":"<p>Identificamos as suas necessidades e planeamos cuidadosamente todos os recursos e materiais. Gerimos a execu\u00e7\u00e3o de modo a assegurar uma entrega final impec\u00e1vel. Arquitetura Na Liv\u2019in, somos especialistas em criar o conceito para a sua casa e em transformar os seus sonhos em realidade, com uma abordagem meticulosa e uma compreens\u00e3o excecional da din\u00e2mica que [&hellip;]<\/p>\n","protected":false},"author":1,"featured_media":0,"parent":0,"menu_order":0,"comment_status":"closed","ping_status":"closed","template":"page-full-width.php","meta":{"_acf_changed":false,"_seopress_robots_primary_cat":"","_seopress_titles_title":"","_seopress_titles_desc":"","_seopress_robots_index":"","inline_featured_image":false,"footnotes":""},"class_list":["post-10887","page","type-page","status-publish","hentry"],"acf":[],"_links":{"self":[{"href":"https:\/\/liv-in.com\/pt-pt\/wp-json\/wp\/v2\/pages\/10887","targetHints":{"allow":["GET"]}}],"collection":[{"href":"https:\/\/liv-in.com\/pt-pt\/wp-json\/wp\/v2\/pages"}],"about":[{"href":"https:\/\/liv-in.com\/pt-pt\/wp-json\/wp\/v2\/types\/page"}],"author":[{"embeddable":true,"href":"https:\/\/liv-in.com\/pt-pt\/wp-json\/wp\/v2\/users\/1"}],"replies":[{"embeddable":true,"href":"https:\/\/liv-in.com\/pt-pt\/wp-json\/wp\/v2\/comments?post=10887"}],"version-history":[{"count":6,"href":"https:\/\/liv-in.com\/pt-pt\/wp-json\/wp\/v2\/pages\/10887\/revisions"}],"predecessor-version":[{"id":11379,"href":"https:\/\/liv-in.com\/pt-pt\/wp-json\/wp\/v2\/pages\/10887\/revisions\/11379"}],"wp:attachment":[{"href":"https:\/\/liv-in.com\/pt-pt\/wp-json\/wp\/v2\/media?parent=10887"}],"curies":[{"name":"wp","href":"https:\/\/api.w.org\/{rel}","templated":true}]}}